{"id":40,"date":"2018-10-23T09:49:44","date_gmt":"2018-10-23T12:49:44","guid":{"rendered":"https:\/\/inovarrecursodemulta.com.br\/recursodemulta\/?page_id=40"},"modified":"2021-09-05T16:54:01","modified_gmt":"2021-09-05T19:54:01","slug":"decisoes-favoraveis","status":"publish","type":"page","link":"https:\/\/inovarrecursodemulta.com.br\/recursodemulta\/decisoes-favoraveis\/","title":{"rendered":"Decis\u00f5es Favor\u00e1veis"},"content":{"rendered":"<p>Conhe\u00e7a abaixo algumas decis\u00f5es favor\u00e1veis obtidas pela INOVAR RECURSO DE MULTA.<\/p>\n<p><strong>Exer\u00e7a seu direito de defesa com a equipe de t\u00e9cnicos mais especializada do Rio de Janeiro<\/strong><\/p>\n<div class=\"su-document su-u-responsive-media-yes\"><iframe loading=\"lazy\" src=\"\/\/docs.google.com\/viewer?embedded=true&url=https:\/\/inovarrecursodemulta.com.br\/recursodemulta\/wp-content\/uploads\/2018\/10\/Novo-Documento-2018-10-24-18.16.57_8.pdf\" width=\"600\" height=\"400\" class=\"su-document\" title=\"\"><\/iframe><\/div>\n<p><a href=\"https:\/\/inovarrecursodemulta.com.br\/recursodemulta\/contato\/\"><strong>Recorra voc\u00ea tamb\u00e9m com chance real, clique e fale com a Inovar recurso de Multa. <\/strong><\/a><\/p>\n\n<div class=\"contactinfo\">\n\t<div class=\"contactinfo-icon\"><img decoding=\"async\" src=\"https:\/\/inovarrecursodemulta.com.br\/recursodemulta\/wp-content\/uploads\/2021\/09\/support.png\" \/><\/div>\n\t<div class=\"contactinfo-content\">\n\t\t<h5><\/h5>\n\t\t<h4>(21) 97232-0304<\/h4>\n\t<\/div>\n<div class=\"clear\"><\/div>\n<\/div>\n\t\t\n<div class=\"su-document su-u-responsive-media-yes\"><iframe loading=\"lazy\" src=\"\/\/docs.google.com\/viewer?embedded=true&url=https:\/\/inovarrecursodemulta.com.br\/recursodemulta\/wp-content\/uploads\/2018\/10\/Novo-Documento-2018-10-24-18.16.57_7.pdf\" width=\"600\" height=\"400\" class=\"su-document\" title=\"\"><\/iframe><\/div>\n<p><a href=\"https:\/\/inovarrecursodemulta.com.br\/recursodemulta\/contato\/\"><strong>Recorra voc\u00ea tamb\u00e9m com chance real, clique e fale com a <a href=\"https:\/\/inovarrecursodemulta.com.br\/recursodemulta\/contato\/\">Inovar recurso de Multa<\/a>. <\/strong><\/a><\/p>\n\n<div class=\"contactinfo\">\n\t<div class=\"contactinfo-icon\"><img decoding=\"async\" src=\"https:\/\/inovarrecursodemulta.com.br\/recursodemulta\/wp-content\/uploads\/2021\/09\/support.png\" \/><\/div>\n\t<div class=\"contactinfo-content\">\n\t\t<h5><\/h5>\n\t\t<h4>(21) 97232-0304<\/h4>\n\t<\/div>\n<div class=\"clear\"><\/div>\n<\/div>\n\t\t\n<div class=\"su-document su-u-responsive-media-yes\"><iframe loading=\"lazy\" src=\"\/\/docs.google.com\/viewer?embedded=true&url=https:\/\/inovarrecursodemulta.com.br\/recursodemulta\/wp-content\/uploads\/2018\/10\/Novo-Documento-2018-10-24-18.16.57_6.pdf\" width=\"600\" height=\"400\" class=\"su-document\" title=\"\"><\/iframe><\/div>\n<p><a href=\"https:\/\/inovarrecursodemulta.com.br\/recursodemulta\/contato\/\"><strong>Recorra voc\u00ea tamb\u00e9m com chance real, clique e fale com a <a href=\"https:\/\/inovarrecursodemulta.com.br\/recursodemulta\/contato\/\">Inovar recurso de Multa<\/a>. <\/strong><\/a><\/p>\n\n<div class=\"contactinfo\">\n\t<div class=\"contactinfo-icon\"><img decoding=\"async\" src=\"https:\/\/inovarrecursodemulta.com.br\/recursodemulta\/wp-content\/uploads\/2021\/09\/support.png\" \/><\/div>\n\t<div class=\"contactinfo-content\">\n\t\t<h5><\/h5>\n\t\t<h4>(21) 97232-0304<\/h4>\n\t<\/div>\n<div class=\"clear\"><\/div>\n<\/div>\n\t\t\n<div class=\"su-document su-u-responsive-media-yes\"><iframe loading=\"lazy\" src=\"\/\/docs.google.com\/viewer?embedded=true&url=https:\/\/inovarrecursodemulta.com.br\/recursodemulta\/wp-content\/uploads\/2018\/10\/Novo-Documento-2018-10-24-18.16.57_5.pdf\" width=\"600\" height=\"400\" class=\"su-document\" title=\"\"><\/iframe><\/div>\n<p><a href=\"https:\/\/inovarrecursodemulta.com.br\/recursodemulta\/contato\/\"><strong>Recorra voc\u00ea tamb\u00e9m com chance real, clique e fale com a <a href=\"https:\/\/inovarrecursodemulta.com.br\/recursodemulta\/contato\/\">Inovar recurso de Multa<\/a>. <\/strong><\/a><\/p>\n\n<div class=\"contactinfo\">\n\t<div class=\"contactinfo-icon\"><img decoding=\"async\" src=\"https:\/\/inovarrecursodemulta.com.br\/recursodemulta\/wp-content\/uploads\/2021\/09\/support.png\" \/><\/div>\n\t<div class=\"contactinfo-content\">\n\t\t<h5><\/h5>\n\t\t<h4>(21) 97232-0304<\/h4>\n\t<\/div>\n<div class=\"clear\"><\/div>\n<\/div>\n\t\t\n<div class=\"su-document su-u-responsive-media-yes\"><iframe loading=\"lazy\" src=\"\/\/docs.google.com\/viewer?embedded=true&url=https:\/\/inovarrecursodemulta.com.br\/recursodemulta\/wp-content\/uploads\/2018\/10\/Novo-Documento-2018-10-24-18.16.57_4.pdf\" width=\"600\" height=\"400\" class=\"su-document\" title=\"\"><\/iframe><\/div>\n<p><a href=\"https:\/\/inovarrecursodemulta.com.br\/recursodemulta\/contato\/\"><strong>Recorra voc\u00ea tamb\u00e9m com chance real, clique e fale com a <a href=\"https:\/\/inovarrecursodemulta.com.br\/recursodemulta\/contato\/\">Inovar recurso de Multa<\/a>. <\/strong><\/a><\/p>\n\n<div class=\"contactinfo\">\n\t<div class=\"contactinfo-icon\"><img decoding=\"async\" src=\"https:\/\/inovarrecursodemulta.com.br\/recursodemulta\/wp-content\/uploads\/2021\/09\/support.png\" \/><\/div>\n\t<div class=\"contactinfo-content\">\n\t\t<h5><\/h5>\n\t\t<h4>(21) 97232-0304<\/h4>\n\t<\/div>\n<div class=\"clear\"><\/div>\n<\/div>\n\t\t\n<div class=\"su-document su-u-responsive-media-yes\"><iframe loading=\"lazy\" src=\"\/\/docs.google.com\/viewer?embedded=true&url=https:\/\/inovarrecursodemulta.com.br\/recursodemulta\/wp-content\/uploads\/2018\/10\/Novo-Documento-2018-10-24-18.16.57_3.pdf\" width=\"600\" height=\"400\" class=\"su-document\" title=\"\"><\/iframe><\/div>\n<p><a href=\"https:\/\/inovarrecursodemulta.com.br\/recursodemulta\/contato\/\"><strong>Recorra voc\u00ea tamb\u00e9m com chance real, clique e fale com a <a href=\"https:\/\/inovarrecursodemulta.com.br\/recursodemulta\/contato\/\">Inovar recurso de Multa<\/a>. <\/strong><\/a><\/p>\n\n<div class=\"contactinfo\">\n\t<div class=\"contactinfo-icon\"><img decoding=\"async\" src=\"https:\/\/inovarrecursodemulta.com.br\/recursodemulta\/wp-content\/uploads\/2021\/09\/support.png\" \/><\/div>\n\t<div class=\"contactinfo-content\">\n\t\t<h5><\/h5>\n\t\t<h4>(21) 97232-0304<\/h4>\n\t<\/div>\n<div class=\"clear\"><\/div>\n<\/div>\n\t\t\n<div class=\"su-document su-u-responsive-media-yes\"><iframe loading=\"lazy\" src=\"\/\/docs.google.com\/viewer?embedded=true&url=https:\/\/inovarrecursodemulta.com.br\/recursodemulta\/wp-content\/uploads\/2018\/10\/Novo-Documento-2018-10-24-18.16.57_2.pdf\" width=\"600\" height=\"400\" class=\"su-document\" title=\"\"><\/iframe><\/div>\n<p><a href=\"https:\/\/inovarrecursodemulta.com.br\/recursodemulta\/contato\/\"><strong>Recorra voc\u00ea tamb\u00e9m com chance real, clique e fale com a <a href=\"https:\/\/inovarrecursodemulta.com.br\/recursodemulta\/contato\/\">Inovar recurso de Multa<\/a>. <\/strong><\/a><\/p>\n\n<div class=\"contactinfo\">\n\t<div class=\"contactinfo-icon\"><img decoding=\"async\" src=\"https:\/\/inovarrecursodemulta.com.br\/recursodemulta\/wp-content\/uploads\/2021\/09\/support.png\" \/><\/div>\n\t<div class=\"contactinfo-content\">\n\t\t<h5><\/h5>\n\t\t<h4>(21) 97232-0304<\/h4>\n\t<\/div>\n<div class=\"clear\"><\/div>\n<\/div>\n\t\t\n<div class=\"su-document su-u-responsive-media-yes\"><iframe loading=\"lazy\" src=\"\/\/docs.google.com\/viewer?embedded=true&url=https:\/\/inovarrecursodemulta.com.br\/recursodemulta\/wp-content\/uploads\/2018\/10\/Novo-Documento-2018-10-24-18.16.57_1.pdf\" width=\"600\" height=\"400\" class=\"su-document\" title=\"\"><\/iframe><\/div>\n<p><a href=\"https:\/\/inovarrecursodemulta.com.br\/recursodemulta\/contato\/\"><strong>Recorra voc\u00ea tamb\u00e9m com chance real, clique e fale com a <a href=\"https:\/\/inovarrecursodemulta.com.br\/recursodemulta\/contato\/\">Inovar recurso de Multa<\/a>. <\/strong><\/a><\/p>\n\n<div class=\"contactinfo\">\n\t<div class=\"contactinfo-icon\"><img decoding=\"async\" src=\"https:\/\/inovarrecursodemulta.com.br\/recursodemulta\/wp-content\/uploads\/2021\/09\/support.png\" \/><\/div>\n\t<div class=\"contactinfo-content\">\n\t\t<h5><\/h5>\n\t\t<h4>(21) 97232-0304<\/h4>\n\t<\/div>\n<div class=\"clear\"><\/div>\n<\/div>\n\t\t\n<p><img loading=\"lazy\" decoding=\"async\" class=\"aligncenter size-full wp-image-1591\" src=\"https:\/\/inovarrecursodemulta.com.br\/recursodemulta\/wp-content\/uploads\/2021\/09\/big-logo.png\" alt=\"inovarrecursodemulta\" width=\"602\" height=\"155\" srcset=\"https:\/\/inovarrecursodemulta.com.br\/recursodemulta\/wp-content\/uploads\/2021\/09\/big-logo.png 602w, https:\/\/inovarrecursodemulta.com.br\/recursodemulta\/wp-content\/uploads\/2021\/09\/big-logo-300x77.png 300w\" sizes=\"auto, (max-width: 602px) 100vw, 602px\" \/><\/p>\n","protected":false},"excerpt":{"rendered":"<p>Conhe\u00e7a abaixo algumas decis\u00f5es favor\u00e1veis obtidas pela INOVAR RECURSO DE MULTA. Exer\u00e7a seu direito de defesa com a equipe de t\u00e9cnicos mais especializada do Rio de Janeiro Recorra voc\u00ea tamb\u00e9m com chance real, clique e fale com a Inovar recurso de Multa. Recorra voc\u00ea tamb\u00e9m com chance real, clique e fale com a Inovar recurso de Multa. Recorra voc\u00ea tamb\u00e9m com chance real, clique e fale com a Inovar recurso de Multa. Recorra voc\u00ea tamb\u00e9m com chance real, clique e fale com a Inovar recurso de Multa. Recorra voc\u00ea tamb\u00e9m com chance real, clique e fale com a Inovar recurso&#8230; <\/p>\n","protected":false},"author":1,"featured_media":0,"parent":0,"menu_order":13,"comment_status":"closed","ping_status":"closed","template":"","meta":{"footnotes":"","_links_to":"","_links_to_target":""},"class_list":["post-40","page","type-page","status-publish","hentry"],"yoast_head":"<!-- This site is optimized with the Yoast SEO plugin v26.7 - https:\/\/yoast.com\/wordpress\/plugins\/seo\/ -->\n<title>Decis\u00f5es Favor\u00e1veis - Recurso Lei Seca e Recurso de Multas RJ Recurso Lei Seca e Recurso de Multa RJ<\/title>\n<meta name=\"description\" content=\"Elaboramos recursos de multas e recurso de Lei Seca, t\u00e9cnicos experientes em processos administrativos junto ao Detran RJ e demais org\u00e3os de tr\u00e2nsito\" \/>\n<meta name=\"robots\" content=\"index, follow, max-snippet:-1, max-image-preview:large, max-video-preview:-1\" \/>\n<link rel=\"canonical\" href=\"https:\/\/inovarrecursodemulta.com.br\/recursodemulta\/decisoes-favoraveis\/\" \/>\n<meta property=\"og:locale\" content=\"pt_BR\" \/>\n<meta property=\"og:type\" content=\"article\" \/>\n<meta property=\"og:title\" content=\"Decis\u00f5es Favor\u00e1veis - Recurso Lei Seca e Recurso de Multas RJ Recurso Lei Seca e Recurso de Multa RJ\" \/>\n<meta property=\"og:description\" content=\"Elaboramos recursos de multas e recurso de Lei Seca, t\u00e9cnicos experientes em processos administrativos junto ao Detran RJ e demais org\u00e3os de tr\u00e2nsito\" \/>\n<meta property=\"og:url\" content=\"https:\/\/inovarrecursodemulta.com.br\/recursodemulta\/decisoes-favoraveis\/\" \/>\n<meta property=\"og:site_name\" content=\"Recurso Lei Seca e Recurso de Multas RJ\" \/>\n<meta property=\"article:publisher\" content=\"https:\/\/www.facebook.com\/inovarecursodemulta\/\" \/>\n<meta property=\"article:modified_time\" content=\"2021-09-05T19:54:01+00:00\" \/>\n<meta property=\"og:image\" content=\"https:\/\/inovarrecursodemulta.com.br\/recursodemulta\/wp-content\/uploads\/2021\/09\/big-logo.png\" \/>\n<meta name=\"twitter:card\" content=\"summary_large_image\" \/>\n<meta name=\"twitter:label1\" content=\"Est. tempo de leitura\" \/>\n\t<meta name=\"twitter:data1\" content=\"2 minutos\" \/>\n<script type=\"application\/ld+json\" class=\"yoast-schema-graph\">{\"@context\":\"https:\/\/schema.org\",\"@graph\":[{\"@type\":\"WebPage\",\"@id\":\"https:\/\/inovarrecursodemulta.com.br\/recursodemulta\/decisoes-favoraveis\/\",\"url\":\"https:\/\/inovarrecursodemulta.com.br\/recursodemulta\/decisoes-favoraveis\/\",\"name\":\"Decis\u00f5es Favor\u00e1veis - Recurso Lei Seca e Recurso de Multas RJ Recurso Lei Seca e Recurso de Multa RJ\",\"isPartOf\":{\"@id\":\"https:\/\/inovarrecursodemulta.com.br\/recursodemulta\/#website\"},\"primaryImageOfPage\":{\"@id\":\"https:\/\/inovarrecursodemulta.com.br\/recursodemulta\/decisoes-favoraveis\/#primaryimage\"},\"image\":{\"@id\":\"https:\/\/inovarrecursodemulta.com.br\/recursodemulta\/decisoes-favoraveis\/#primaryimage\"},\"thumbnailUrl\":\"https:\/\/inovarrecursodemulta.com.br\/recursodemulta\/wp-content\/uploads\/2021\/09\/big-logo.png\",\"datePublished\":\"2018-10-23T12:49:44+00:00\",\"dateModified\":\"2021-09-05T19:54:01+00:00\",\"description\":\"Elaboramos recursos de multas e recurso de Lei Seca, t\u00e9cnicos experientes em processos administrativos junto ao Detran RJ e demais org\u00e3os de tr\u00e2nsito\",\"breadcrumb\":{\"@id\":\"https:\/\/inovarrecursodemulta.com.br\/recursodemulta\/decisoes-favoraveis\/#breadcrumb\"},\"inLanguage\":\"pt-BR\",\"potentialAction\":[{\"@type\":\"ReadAction\",\"target\":[\"https:\/\/inovarrecursodemulta.com.br\/recursodemulta\/decisoes-favoraveis\/\"]}]},{\"@type\":\"ImageObject\",\"inLanguage\":\"pt-BR\",\"@id\":\"https:\/\/inovarrecursodemulta.com.br\/recursodemulta\/decisoes-favoraveis\/#primaryimage\",\"url\":\"https:\/\/inovarrecursodemulta.com.br\/recursodemulta\/wp-content\/uploads\/2021\/09\/big-logo.png\",\"contentUrl\":\"https:\/\/inovarrecursodemulta.com.br\/recursodemulta\/wp-content\/uploads\/2021\/09\/big-logo.png\",\"width\":602,\"height\":155,\"caption\":\"Inovar Recurso de Multa\"},{\"@type\":\"BreadcrumbList\",\"@id\":\"https:\/\/inovarrecursodemulta.com.br\/recursodemulta\/decisoes-favoraveis\/#breadcrumb\",\"itemListElement\":[{\"@type\":\"ListItem\",\"position\":1,\"name\":\"In\u00edcio\",\"item\":\"https:\/\/inovarrecursodemulta.com.br\/recursodemulta\/\"},{\"@type\":\"ListItem\",\"position\":2,\"name\":\"Decis\u00f5es Favor\u00e1veis\"}]},{\"@type\":\"WebSite\",\"@id\":\"https:\/\/inovarrecursodemulta.com.br\/recursodemulta\/#website\",\"url\":\"https:\/\/inovarrecursodemulta.com.br\/recursodemulta\/\",\"name\":\"Recurso Lei Seca e Recurso de Multas RJ\",\"description\":\"Recurso Lei Seca e Recurso de Multas de Tr\u00e2nsito, Recurso CNH Suspensa no RJ\",\"potentialAction\":[{\"@type\":\"SearchAction\",\"target\":{\"@type\":\"EntryPoint\",\"urlTemplate\":\"https:\/\/inovarrecursodemulta.com.br\/recursodemulta\/?s={search_term_string}\"},\"query-input\":{\"@type\":\"PropertyValueSpecification\",\"valueRequired\":true,\"valueName\":\"search_term_string\"}}],\"inLanguage\":\"pt-BR\"}]}<\/script>\n<!-- \/ Yoast SEO plugin. -->","yoast_head_json":{"title":"Decis\u00f5es Favor\u00e1veis - Recurso Lei Seca e Recurso de Multas RJ Recurso Lei Seca e Recurso de Multa RJ","description":"Elaboramos recursos de multas e recurso de Lei Seca, t\u00e9cnicos experientes em processos administrativos junto ao Detran RJ e demais org\u00e3os de tr\u00e2nsito","robots":{"index":"index","follow":"follow","max-snippet":"max-snippet:-1","max-image-preview":"max-image-preview:large","max-video-preview":"max-video-preview:-1"},"canonical":"https:\/\/inovarrecursodemulta.com.br\/recursodemulta\/decisoes-favoraveis\/","og_locale":"pt_BR","og_type":"article","og_title":"Decis\u00f5es Favor\u00e1veis - Recurso Lei Seca e Recurso de Multas RJ Recurso Lei Seca e Recurso de Multa RJ","og_description":"Elaboramos recursos de multas e recurso de Lei Seca, t\u00e9cnicos experientes em processos administrativos junto ao Detran RJ e demais org\u00e3os de tr\u00e2nsito","og_url":"https:\/\/inovarrecursodemulta.com.br\/recursodemulta\/decisoes-favoraveis\/","og_site_name":"Recurso Lei Seca e Recurso de Multas RJ","article_publisher":"https:\/\/www.facebook.com\/inovarecursodemulta\/","article_modified_time":"2021-09-05T19:54:01+00:00","og_image":[{"url":"https:\/\/inovarrecursodemulta.com.br\/recursodemulta\/wp-content\/uploads\/2021\/09\/big-logo.png","type":"","width":"","height":""}],"twitter_card":"summary_large_image","twitter_misc":{"Est. tempo de leitura":"2 minutos"},"schema":{"@context":"https:\/\/schema.org","@graph":[{"@type":"WebPage","@id":"https:\/\/inovarrecursodemulta.com.br\/recursodemulta\/decisoes-favoraveis\/","url":"https:\/\/inovarrecursodemulta.com.br\/recursodemulta\/decisoes-favoraveis\/","name":"Decis\u00f5es Favor\u00e1veis - Recurso Lei Seca e Recurso de Multas RJ Recurso Lei Seca e Recurso de Multa RJ","isPartOf":{"@id":"https:\/\/inovarrecursodemulta.com.br\/recursodemulta\/#website"},"primaryImageOfPage":{"@id":"https:\/\/inovarrecursodemulta.com.br\/recursodemulta\/decisoes-favoraveis\/#primaryimage"},"image":{"@id":"https:\/\/inovarrecursodemulta.com.br\/recursodemulta\/decisoes-favoraveis\/#primaryimage"},"thumbnailUrl":"https:\/\/inovarrecursodemulta.com.br\/recursodemulta\/wp-content\/uploads\/2021\/09\/big-logo.png","datePublished":"2018-10-23T12:49:44+00:00","dateModified":"2021-09-05T19:54:01+00:00","description":"Elaboramos recursos de multas e recurso de Lei Seca, t\u00e9cnicos experientes em processos administrativos junto ao Detran RJ e demais org\u00e3os de tr\u00e2nsito","breadcrumb":{"@id":"https:\/\/inovarrecursodemulta.com.br\/recursodemulta\/decisoes-favoraveis\/#breadcrumb"},"inLanguage":"pt-BR","potentialAction":[{"@type":"ReadAction","target":["https:\/\/inovarrecursodemulta.com.br\/recursodemulta\/decisoes-favoraveis\/"]}]},{"@type":"ImageObject","inLanguage":"pt-BR","@id":"https:\/\/inovarrecursodemulta.com.br\/recursodemulta\/decisoes-favoraveis\/#primaryimage","url":"https:\/\/inovarrecursodemulta.com.br\/recursodemulta\/wp-content\/uploads\/2021\/09\/big-logo.png","contentUrl":"https:\/\/inovarrecursodemulta.com.br\/recursodemulta\/wp-content\/uploads\/2021\/09\/big-logo.png","width":602,"height":155,"caption":"Inovar Recurso de Multa"},{"@type":"BreadcrumbList","@id":"https:\/\/inovarrecursodemulta.com.br\/recursodemulta\/decisoes-favoraveis\/#breadcrumb","itemListElement":[{"@type":"ListItem","position":1,"name":"In\u00edcio","item":"https:\/\/inovarrecursodemulta.com.br\/recursodemulta\/"},{"@type":"ListItem","position":2,"name":"Decis\u00f5es Favor\u00e1veis"}]},{"@type":"WebSite","@id":"https:\/\/inovarrecursodemulta.com.br\/recursodemulta\/#website","url":"https:\/\/inovarrecursodemulta.com.br\/recursodemulta\/","name":"Recurso Lei Seca e Recurso de Multas RJ","description":"Recurso Lei Seca e Recurso de Multas de Tr\u00e2nsito, Recurso CNH Suspensa no RJ","potentialAction":[{"@type":"SearchAction","target":{"@type":"EntryPoint","urlTemplate":"https:\/\/inovarrecursodemulta.com.br\/recursodemulta\/?s={search_term_string}"},"query-input":{"@type":"PropertyValueSpecification","valueRequired":true,"valueName":"search_term_string"}}],"inLanguage":"pt-BR"}]}},"_links":{"self":[{"href":"https:\/\/inovarrecursodemulta.com.br\/recursodemulta\/wp-json\/wp\/v2\/pages\/40","targetHints":{"allow":["GET"]}}],"collection":[{"href":"https:\/\/inovarrecursodemulta.com.br\/recursodemulta\/wp-json\/wp\/v2\/pages"}],"about":[{"href":"https:\/\/inovarrecursodemulta.com.br\/recursodemulta\/wp-json\/wp\/v2\/types\/page"}],"author":[{"embeddable":true,"href":"https:\/\/inovarrecursodemulta.com.br\/recursodemulta\/wp-json\/wp\/v2\/users\/1"}],"replies":[{"embeddable":true,"href":"https:\/\/inovarrecursodemulta.com.br\/recursodemulta\/wp-json\/wp\/v2\/comments?post=40"}],"version-history":[{"count":12,"href":"https:\/\/inovarrecursodemulta.com.br\/recursodemulta\/wp-json\/wp\/v2\/pages\/40\/revisions"}],"predecessor-version":[{"id":1606,"href":"https:\/\/inovarrecursodemulta.com.br\/recursodemulta\/wp-json\/wp\/v2\/pages\/40\/revisions\/1606"}],"wp:attachment":[{"href":"https:\/\/inovarrecursodemulta.com.br\/recursodemulta\/wp-json\/wp\/v2\/media?parent=40"}],"curies":[{"name":"wp","href":"https:\/\/api.w.org\/{rel}","templated":true}]}}