{"id":32,"date":"2018-10-23T09:49:00","date_gmt":"2018-10-23T12:49:00","guid":{"rendered":"https:\/\/inovarrecursodemulta.com.br\/recursodemulta\/?page_id=32"},"modified":"2021-09-06T12:32:01","modified_gmt":"2021-09-06T15:32:01","slug":"multas-de-transito","status":"publish","type":"page","link":"https:\/\/inovarrecursodemulta.com.br\/recursodemulta\/multas-de-transito\/","title":{"rendered":"Multas de Tr\u00e2nsito"},"content":{"rendered":"<h2>Multas de tr\u00e2nsito\u00a0Recorra com a Inovar<\/h2>\n<div class=\"su-note\"  style=\"border-color:#d6d6d6;border-radius:3px;-moz-border-radius:3px;-webkit-border-radius:3px;\"><div class=\"su-note-inner su-u-clearfix su-u-trim\" style=\"background-color:#F0F0F0;border-color:#ffffff;color:#333333;border-radius:3px;-moz-border-radius:3px;-webkit-border-radius:3px;\">\n<p>Foi multado no tr\u00e2nsito? Tem muitos pontos acumulados?<br \/>\nRecorrer \u00e9 a melhor solu\u00e7\u00e3o! Recorra certo, recorra com a melhor do Rio, recorra com a Inovar!<\/p>\n<div class=\"custombtn\" style=\"text-align:\">\t\n\t   <a class=\"morebutton\" href=\"https:\/\/web.whatsapp.com\/send?phone=5521972320304&amp;text=Ol%C3%A1,%20gostaria%20de%20saber%20mais%20sobre%20olEI%20Seca%20\" target=\"blank\">OR\u00c7AMENTO SEM COMPROMISSO<\/a>\t   \t   \n\t<\/div>\n<\/div><\/div>\n<h2><strong>Quais as principais multas e pontos na CNH<\/strong><\/h2>\n<div class=\"su-note\"  style=\"border-color:#d6d6d6;border-radius:3px;-moz-border-radius:3px;-webkit-border-radius:3px;\"><div class=\"su-note-inner su-u-clearfix su-u-trim\" style=\"background-color:#F0F0F0;border-color:#ffffff;color:#333333;border-radius:3px;-moz-border-radius:3px;-webkit-border-radius:3px;\">\n<p>O excesso de <strong>multas de tr\u00e2nsito<\/strong>, podem acarretar em penalidades mais graves como a Suspens\u00e3o da Habilita\u00e7\u00e3o, sendo assim, toda multa tem por base a contesta\u00e7\u00e3o (nas 3 etapas administrativas ), tentando assim controlar de maneira preventiva os pontos na CNH.<br \/>\nCada infra\u00e7\u00e3o possui uma gravidade sendo elas :<br \/>\n&#8211; Leve (03 pontos)<br \/>\n&#8211; M\u00e9dia (04 pontos)<br \/>\n&#8211; Grave (05 pontos)<br \/>\n&#8211; Grav\u00edssima (07 pontos)<\/p>\n<p><strong>Fique Atento:<\/strong><span style=\"color: #993300;\"><br \/>\n<a href=\"https:\/\/inovarrecursodemulta.com.br\/recursodemulta\/contato\/\"><strong>Fa\u00e7a seu recurso com uma empresa especializada: fale com a INOVAR RECURSO DE MULTA. <\/strong><\/a><br \/>\n<\/span><\/p>\n<\/div><\/div>\n<h2>Valor de Multas &#8211; Quando vale a pena recorrer?<\/h2>\n<div class=\"su-spoiler su-spoiler-style-fancy su-spoiler-icon-arrow su-spoiler-closed\" data-scroll-offset=\"0\" data-anchor-in-url=\"no\"><div class=\"su-spoiler-title\" tabindex=\"0\" role=\"button\"><span class=\"su-spoiler-icon\"><\/span>Ultrapassar outro ve\u00edculo pelo acostamento<\/div><div class=\"su-spoiler-content su-u-clearfix su-u-trim\">\n<p>\u2022 Ultrapassar outro ve\u00edculo pelo acostamento;<br \/>\n<strong>Infra\u00e7\u00e3o<\/strong> &#8211; grav\u00edssima;<br \/>\n<strong>Penalidade<\/strong> &#8211; multa (cinco vezes) R$1.467,35<\/p>\n<\/div><\/div>\n<div class=\"su-spoiler su-spoiler-style-fancy su-spoiler-icon-arrow su-spoiler-closed\" data-scroll-offset=\"0\" data-anchor-in-url=\"no\"><div class=\"su-spoiler-title\" tabindex=\"0\" role=\"button\"><span class=\"su-spoiler-icon\"><\/span>Transitar com o ve\u00edculo em cal\u00e7adas<\/div><div class=\"su-spoiler-content su-u-clearfix su-u-trim\">\n<p>\u2022 Transitar com o ve\u00edculo em cal\u00e7adas, passarelas, ciclovias, ciclofaixas, ilhas, ref\u00fagios, ajardinamentos, canteiros centrais e divisores de pista de rolamento, acostamentos, marcas de canaliza\u00e7\u00e3o, gramados e jardins p\u00fablicos:<br \/>\n<strong>Infra\u00e7\u00e3o<\/strong> &#8211; grav\u00edssima;<br \/>\n<strong>Penalidade<\/strong> &#8211; multa (tr\u00eas vezes) R$880,41.<\/p>\n<\/div><\/div>\n<div class=\"su-spoiler su-spoiler-style-fancy su-spoiler-icon-arrow su-spoiler-closed\" data-scroll-offset=\"0\" data-anchor-in-url=\"no\"><div class=\"su-spoiler-title\" tabindex=\"0\" role=\"button\"><span class=\"su-spoiler-icon\"><\/span>Transitar em velocidade superior \u00e0 m\u00e1xima permitida<\/div><div class=\"su-spoiler-content su-u-clearfix su-u-trim\">\n<p>\u2022 Transitar em velocidade superior \u00e0 m\u00e1xima permitida em mais de 50% (cinq\u00fcenta por cento):<br \/>\n<strong>Infra\u00e7\u00e3o<\/strong> \u2013 grav\u00edssima (Auto suspensiva);<br \/>\n<strong>Penalidade<\/strong> &#8211; multa (tr\u00eas vezes) R$880,41, suspens\u00e3o imediata do direito de dirigir e apreens\u00e3o do documento de habilita\u00e7\u00e3o.<\/p>\n<\/div><\/div>\n<div class=\"su-spoiler su-spoiler-style-fancy su-spoiler-icon-arrow su-spoiler-closed\" data-scroll-offset=\"0\" data-anchor-in-url=\"no\"><div class=\"su-spoiler-title\" tabindex=\"0\" role=\"button\"><span class=\"su-spoiler-icon\"><\/span>Conduzir motocicleta sem capacete<\/div><div class=\"su-spoiler-content su-u-clearfix su-u-trim\">\n<p>\u2022 Conduzir motocicleta, motoneta e ciclomotor sem capacete de seguran\u00e7a.<br \/>\n<strong>Infra\u00e7\u00e3o<\/strong> &#8211; grav\u00edssima;<br \/>\n<strong>Infra\u00e7\u00e3o<\/strong> \u2013 grav\u00edssima (Auto suspensiva);<br \/>\nPenalidade &#8211; multa, suspens\u00e3o imediata do direito de dirigir e apreens\u00e3o do documento de habilita\u00e7\u00e3o.<\/p>\n<\/div><\/div>\n<div class=\"su-spoiler su-spoiler-style-fancy su-spoiler-icon-arrow su-spoiler-closed\" data-scroll-offset=\"0\" data-anchor-in-url=\"no\"><div class=\"su-spoiler-title\" tabindex=\"0\" role=\"button\"><span class=\"su-spoiler-icon\"><\/span>Dirigir sob a influ\u00eancia de \u00e1lcool<\/div><div class=\"su-spoiler-content su-u-clearfix su-u-trim\">\n<p>\u2022 Dirigir sob a influ\u00eancia de \u00e1lcool ou de qualquer outra subst\u00e2ncia psicoativa que determine depend\u00eancia:<br \/>\n<strong>Infra\u00e7\u00e3o<\/strong> \u2013 grav\u00edssima (Auto suspensiva);<br \/>\n<strong>Penalidade<\/strong> \u2013 multa (Dez vezes) R$2.934,70, suspens\u00e3o imediata do direito de dirigir e apreens\u00e3o do documento de habilita\u00e7\u00e3o.<\/p>\n<\/div><\/div>\n<div class=\"su-spoiler su-spoiler-style-fancy su-spoiler-icon-arrow su-spoiler-closed\" data-scroll-offset=\"0\" data-anchor-in-url=\"no\"><div class=\"su-spoiler-title\" tabindex=\"0\" role=\"button\"><span class=\"su-spoiler-icon\"><\/span>Recusar-se a ser submetido a baf\u00f4metro e outros testes<\/div><div class=\"su-spoiler-content su-u-clearfix su-u-trim\">\n<p>\u2022 Recusar-se a ser submetido a teste, exame cl\u00ednico, per\u00edcia ou outro procedimento que permita certificar influ\u00eancia de \u00e1lcool ou outra subst\u00e2ncia psicoativa, na forma estabelecida pelo art. 277:<br \/>\n<strong>Infra\u00e7\u00e3o<\/strong> \u2013 grav\u00edssima (Auto suspensiva);<br \/>\n<strong>Penalidade<\/strong> \u2013 multa (Dez vezes) R$2.934,70, suspens\u00e3o imediata do direito de dirigir e apreens\u00e3o do documento de habilita\u00e7\u00e3o.<\/p>\n<\/div><\/div>\n\n<div class=\"contactinfo\">\n\t<div class=\"contactinfo-icon\"><img decoding=\"async\" src=\"https:\/\/inovarrecursodemulta.com.br\/recursodemulta\/wp-content\/uploads\/2021\/09\/support.png\" \/><\/div>\n\t<div class=\"contactinfo-content\">\n\t\t<h5><\/h5>\n\t\t<h4>(21) 97232-0304<\/h4>\n\t<\/div>\n<div class=\"clear\"><\/div>\n<\/div>\n\t\t\n<blockquote>\n<h3>Nossa miss\u00e3o \u00e9 evitar que erros, v\u00edcios e irregularidades passem despercebidos, gerando penalidades indevidas e consequ\u00eancias dr\u00e1sticas na vida do condutor, tendo a preocupa\u00e7\u00e3o maior na qualidade dos servi\u00e7os prestados.<\/h3>\n<\/blockquote>\n<p><a href=\"https:\/\/inovarrecursodemulta.com.br\/recursodemulta\/contato\/\"><strong>Foi autuado em multas de tr\u00e2nsito? Fale conosco, recorra j\u00e1 e assegure seu direito de dirigir.<br \/>\n<\/strong><\/a><a href=\"https:\/\/inovarrecursodemulta.com.br\/recursodemulta\/contato\/\"><strong>Clique aqui e solicite a elabora\u00e7\u00e3o de seu recurso: atendimento online!<\/strong><\/a><\/p>\n<p><a href=\"https:\/\/inovarrecursodemulta.com.br\/recursodemulta\/contato\/\"><img loading=\"lazy\" decoding=\"async\" class=\"aligncenter wp-image-1431 size-large\" title=\"Multas de Tr\u00e2nsito Inovar Recurso de Multa\" src=\"https:\/\/inovarrecursodemulta.com.br\/recursodemulta\/wp-content\/uploads\/2021\/09\/inovar_multas-1024x603.jpg\" alt=\"Multas de Tr\u00e2nsito Inovar Recurso de Multa\" width=\"1024\" height=\"603\" srcset=\"https:\/\/inovarrecursodemulta.com.br\/recursodemulta\/wp-content\/uploads\/2021\/09\/inovar_multas-1024x603.jpg 1024w, https:\/\/inovarrecursodemulta.com.br\/recursodemulta\/wp-content\/uploads\/2021\/09\/inovar_multas-300x177.jpg 300w, https:\/\/inovarrecursodemulta.com.br\/recursodemulta\/wp-content\/uploads\/2021\/09\/inovar_multas-768x453.jpg 768w, https:\/\/inovarrecursodemulta.com.br\/recursodemulta\/wp-content\/uploads\/2021\/09\/inovar_multas.jpg 1400w\" sizes=\"auto, (max-width: 1024px) 100vw, 1024px\" \/><\/a><\/p>\n","protected":false},"excerpt":{"rendered":"<p>Multas de tr\u00e2nsito\u00a0Recorra com a Inovar Quais as principais multas e pontos na CNH Valor de Multas &#8211; Quando vale a pena recorrer? Nossa miss\u00e3o \u00e9 evitar que erros, v\u00edcios e irregularidades passem despercebidos, gerando penalidades indevidas e consequ\u00eancias dr\u00e1sticas na vida do condutor, tendo a preocupa\u00e7\u00e3o maior na qualidade dos servi\u00e7os prestados. Foi autuado em multas de tr\u00e2nsito? Fale conosco, recorra j\u00e1 e assegure seu direito de dirigir. Clique aqui e solicite a elabora\u00e7\u00e3o de seu recurso: atendimento online!<\/p>\n","protected":false},"author":1,"featured_media":0,"parent":0,"menu_order":9,"comment_status":"closed","ping_status":"closed","template":"","meta":{"footnotes":"","_links_to":"","_links_to_target":""},"class_list":["post-32","page","type-page","status-publish","hentry"],"yoast_head":"<!-- This site is optimized with the Yoast SEO plugin v26.7 - https:\/\/yoast.com\/wordpress\/plugins\/seo\/ -->\n<title>Multas de Tr\u00e2nsito - Recurso Lei Seca e Recurso de Multas RJ Recurso Lei Seca e Recurso de Multa RJ<\/title>\n<meta name=\"description\" content=\"Elaboramos recursos de multas e recurso de Lei Seca, t\u00e9cnicos experientes em processos administrativos junto ao Detran RJ e demais org\u00e3os de tr\u00e2nsito\" \/>\n<meta name=\"robots\" content=\"index, follow, max-snippet:-1, max-image-preview:large, max-video-preview:-1\" \/>\n<link rel=\"canonical\" href=\"https:\/\/inovarrecursodemulta.com.br\/recursodemulta\/multas-de-transito\/\" \/>\n<meta property=\"og:locale\" content=\"pt_BR\" \/>\n<meta property=\"og:type\" content=\"article\" \/>\n<meta property=\"og:title\" content=\"Multas de Tr\u00e2nsito - Recurso Lei Seca e Recurso de Multas RJ Recurso Lei Seca e Recurso de Multa RJ\" \/>\n<meta property=\"og:description\" content=\"Elaboramos recursos de multas e recurso de Lei Seca, t\u00e9cnicos experientes em processos administrativos junto ao Detran RJ e demais org\u00e3os de tr\u00e2nsito\" \/>\n<meta property=\"og:url\" content=\"https:\/\/inovarrecursodemulta.com.br\/recursodemulta\/multas-de-transito\/\" \/>\n<meta property=\"og:site_name\" content=\"Recurso Lei Seca e Recurso de Multas RJ\" \/>\n<meta property=\"article:publisher\" content=\"https:\/\/www.facebook.com\/inovarecursodemulta\/\" \/>\n<meta property=\"article:modified_time\" content=\"2021-09-06T15:32:01+00:00\" \/>\n<meta property=\"og:image\" content=\"https:\/\/inovarrecursodemulta.com.br\/recursodemulta\/wp-content\/uploads\/2021\/09\/inovar_multas-1024x603.jpg\" \/>\n<meta name=\"twitter:card\" content=\"summary_large_image\" \/>\n<meta name=\"twitter:label1\" content=\"Est. tempo de leitura\" \/>\n\t<meta name=\"twitter:data1\" content=\"3 minutos\" \/>\n<script type=\"application\/ld+json\" class=\"yoast-schema-graph\">{\"@context\":\"https:\/\/schema.org\",\"@graph\":[{\"@type\":\"WebPage\",\"@id\":\"https:\/\/inovarrecursodemulta.com.br\/recursodemulta\/multas-de-transito\/\",\"url\":\"https:\/\/inovarrecursodemulta.com.br\/recursodemulta\/multas-de-transito\/\",\"name\":\"Multas de Tr\u00e2nsito - Recurso Lei Seca e Recurso de Multas RJ Recurso Lei Seca e Recurso de Multa RJ\",\"isPartOf\":{\"@id\":\"https:\/\/inovarrecursodemulta.com.br\/recursodemulta\/#website\"},\"primaryImageOfPage\":{\"@id\":\"https:\/\/inovarrecursodemulta.com.br\/recursodemulta\/multas-de-transito\/#primaryimage\"},\"image\":{\"@id\":\"https:\/\/inovarrecursodemulta.com.br\/recursodemulta\/multas-de-transito\/#primaryimage\"},\"thumbnailUrl\":\"https:\/\/inovarrecursodemulta.com.br\/recursodemulta\/wp-content\/uploads\/2021\/09\/inovar_multas-1024x603.jpg\",\"datePublished\":\"2018-10-23T12:49:00+00:00\",\"dateModified\":\"2021-09-06T15:32:01+00:00\",\"description\":\"Elaboramos recursos de multas e recurso de Lei Seca, t\u00e9cnicos experientes em processos administrativos junto ao Detran RJ e demais org\u00e3os de tr\u00e2nsito\",\"breadcrumb\":{\"@id\":\"https:\/\/inovarrecursodemulta.com.br\/recursodemulta\/multas-de-transito\/#breadcrumb\"},\"inLanguage\":\"pt-BR\",\"potentialAction\":[{\"@type\":\"ReadAction\",\"target\":[\"https:\/\/inovarrecursodemulta.com.br\/recursodemulta\/multas-de-transito\/\"]}]},{\"@type\":\"ImageObject\",\"inLanguage\":\"pt-BR\",\"@id\":\"https:\/\/inovarrecursodemulta.com.br\/recursodemulta\/multas-de-transito\/#primaryimage\",\"url\":\"https:\/\/inovarrecursodemulta.com.br\/recursodemulta\/wp-content\/uploads\/2021\/09\/inovar_multas.jpg\",\"contentUrl\":\"https:\/\/inovarrecursodemulta.com.br\/recursodemulta\/wp-content\/uploads\/2021\/09\/inovar_multas.jpg\",\"width\":1400,\"height\":825,\"caption\":\"Multas de Tr\u00e2nsito Inovar Recurso de Multa\"},{\"@type\":\"BreadcrumbList\",\"@id\":\"https:\/\/inovarrecursodemulta.com.br\/recursodemulta\/multas-de-transito\/#breadcrumb\",\"itemListElement\":[{\"@type\":\"ListItem\",\"position\":1,\"name\":\"In\u00edcio\",\"item\":\"https:\/\/inovarrecursodemulta.com.br\/recursodemulta\/\"},{\"@type\":\"ListItem\",\"position\":2,\"name\":\"Multas de Tr\u00e2nsito\"}]},{\"@type\":\"WebSite\",\"@id\":\"https:\/\/inovarrecursodemulta.com.br\/recursodemulta\/#website\",\"url\":\"https:\/\/inovarrecursodemulta.com.br\/recursodemulta\/\",\"name\":\"Recurso Lei Seca e Recurso de Multas RJ\",\"description\":\"Recurso Lei Seca e Recurso de Multas de Tr\u00e2nsito, Recurso CNH Suspensa no RJ\",\"potentialAction\":[{\"@type\":\"SearchAction\",\"target\":{\"@type\":\"EntryPoint\",\"urlTemplate\":\"https:\/\/inovarrecursodemulta.com.br\/recursodemulta\/?s={search_term_string}\"},\"query-input\":{\"@type\":\"PropertyValueSpecification\",\"valueRequired\":true,\"valueName\":\"search_term_string\"}}],\"inLanguage\":\"pt-BR\"}]}<\/script>\n<!-- \/ Yoast SEO plugin. -->","yoast_head_json":{"title":"Multas de Tr\u00e2nsito - Recurso Lei Seca e Recurso de Multas RJ Recurso Lei Seca e Recurso de Multa RJ","description":"Elaboramos recursos de multas e recurso de Lei Seca, t\u00e9cnicos experientes em processos administrativos junto ao Detran RJ e demais org\u00e3os de tr\u00e2nsito","robots":{"index":"index","follow":"follow","max-snippet":"max-snippet:-1","max-image-preview":"max-image-preview:large","max-video-preview":"max-video-preview:-1"},"canonical":"https:\/\/inovarrecursodemulta.com.br\/recursodemulta\/multas-de-transito\/","og_locale":"pt_BR","og_type":"article","og_title":"Multas de Tr\u00e2nsito - Recurso Lei Seca e Recurso de Multas RJ Recurso Lei Seca e Recurso de Multa RJ","og_description":"Elaboramos recursos de multas e recurso de Lei Seca, t\u00e9cnicos experientes em processos administrativos junto ao Detran RJ e demais org\u00e3os de tr\u00e2nsito","og_url":"https:\/\/inovarrecursodemulta.com.br\/recursodemulta\/multas-de-transito\/","og_site_name":"Recurso Lei Seca e Recurso de Multas RJ","article_publisher":"https:\/\/www.facebook.com\/inovarecursodemulta\/","article_modified_time":"2021-09-06T15:32:01+00:00","og_image":[{"url":"https:\/\/inovarrecursodemulta.com.br\/recursodemulta\/wp-content\/uploads\/2021\/09\/inovar_multas-1024x603.jpg","type":"","width":"","height":""}],"twitter_card":"summary_large_image","twitter_misc":{"Est. tempo de leitura":"3 minutos"},"schema":{"@context":"https:\/\/schema.org","@graph":[{"@type":"WebPage","@id":"https:\/\/inovarrecursodemulta.com.br\/recursodemulta\/multas-de-transito\/","url":"https:\/\/inovarrecursodemulta.com.br\/recursodemulta\/multas-de-transito\/","name":"Multas de Tr\u00e2nsito - Recurso Lei Seca e Recurso de Multas RJ Recurso Lei Seca e Recurso de Multa RJ","isPartOf":{"@id":"https:\/\/inovarrecursodemulta.com.br\/recursodemulta\/#website"},"primaryImageOfPage":{"@id":"https:\/\/inovarrecursodemulta.com.br\/recursodemulta\/multas-de-transito\/#primaryimage"},"image":{"@id":"https:\/\/inovarrecursodemulta.com.br\/recursodemulta\/multas-de-transito\/#primaryimage"},"thumbnailUrl":"https:\/\/inovarrecursodemulta.com.br\/recursodemulta\/wp-content\/uploads\/2021\/09\/inovar_multas-1024x603.jpg","datePublished":"2018-10-23T12:49:00+00:00","dateModified":"2021-09-06T15:32:01+00:00","description":"Elaboramos recursos de multas e recurso de Lei Seca, t\u00e9cnicos experientes em processos administrativos junto ao Detran RJ e demais org\u00e3os de tr\u00e2nsito","breadcrumb":{"@id":"https:\/\/inovarrecursodemulta.com.br\/recursodemulta\/multas-de-transito\/#breadcrumb"},"inLanguage":"pt-BR","potentialAction":[{"@type":"ReadAction","target":["https:\/\/inovarrecursodemulta.com.br\/recursodemulta\/multas-de-transito\/"]}]},{"@type":"ImageObject","inLanguage":"pt-BR","@id":"https:\/\/inovarrecursodemulta.com.br\/recursodemulta\/multas-de-transito\/#primaryimage","url":"https:\/\/inovarrecursodemulta.com.br\/recursodemulta\/wp-content\/uploads\/2021\/09\/inovar_multas.jpg","contentUrl":"https:\/\/inovarrecursodemulta.com.br\/recursodemulta\/wp-content\/uploads\/2021\/09\/inovar_multas.jpg","width":1400,"height":825,"caption":"Multas de Tr\u00e2nsito Inovar Recurso de Multa"},{"@type":"BreadcrumbList","@id":"https:\/\/inovarrecursodemulta.com.br\/recursodemulta\/multas-de-transito\/#breadcrumb","itemListElement":[{"@type":"ListItem","position":1,"name":"In\u00edcio","item":"https:\/\/inovarrecursodemulta.com.br\/recursodemulta\/"},{"@type":"ListItem","position":2,"name":"Multas de Tr\u00e2nsito"}]},{"@type":"WebSite","@id":"https:\/\/inovarrecursodemulta.com.br\/recursodemulta\/#website","url":"https:\/\/inovarrecursodemulta.com.br\/recursodemulta\/","name":"Recurso Lei Seca e Recurso de Multas RJ","description":"Recurso Lei Seca e Recurso de Multas de Tr\u00e2nsito, Recurso CNH Suspensa no RJ","potentialAction":[{"@type":"SearchAction","target":{"@type":"EntryPoint","urlTemplate":"https:\/\/inovarrecursodemulta.com.br\/recursodemulta\/?s={search_term_string}"},"query-input":{"@type":"PropertyValueSpecification","valueRequired":true,"valueName":"search_term_string"}}],"inLanguage":"pt-BR"}]}},"_links":{"self":[{"href":"https:\/\/inovarrecursodemulta.com.br\/recursodemulta\/wp-json\/wp\/v2\/pages\/32","targetHints":{"allow":["GET"]}}],"collection":[{"href":"https:\/\/inovarrecursodemulta.com.br\/recursodemulta\/wp-json\/wp\/v2\/pages"}],"about":[{"href":"https:\/\/inovarrecursodemulta.com.br\/recursodemulta\/wp-json\/wp\/v2\/types\/page"}],"author":[{"embeddable":true,"href":"https:\/\/inovarrecursodemulta.com.br\/recursodemulta\/wp-json\/wp\/v2\/users\/1"}],"replies":[{"embeddable":true,"href":"https:\/\/inovarrecursodemulta.com.br\/recursodemulta\/wp-json\/wp\/v2\/comments?post=32"}],"version-history":[{"count":16,"href":"https:\/\/inovarrecursodemulta.com.br\/recursodemulta\/wp-json\/wp\/v2\/pages\/32\/revisions"}],"predecessor-version":[{"id":1619,"href":"https:\/\/inovarrecursodemulta.com.br\/recursodemulta\/wp-json\/wp\/v2\/pages\/32\/revisions\/1619"}],"wp:attachment":[{"href":"https:\/\/inovarrecursodemulta.com.br\/recursodemulta\/wp-json\/wp\/v2\/media?parent=32"}],"curies":[{"name":"wp","href":"https:\/\/api.w.org\/{rel}","templated":true}]}}