{"id":286,"date":"2018-10-24T13:01:13","date_gmt":"2018-10-24T16:01:13","guid":{"rendered":"https:\/\/inovarrecursodemulta.com.br\/recursodemulta\/?page_id=286"},"modified":"2022-06-18T09:32:32","modified_gmt":"2022-06-18T12:32:32","slug":"saiba-mais","status":"publish","type":"page","link":"https:\/\/inovarrecursodemulta.com.br\/recursodemulta\/saiba-mais\/","title":{"rendered":"Saiba Mais"},"content":{"rendered":"<h3>Saiba Mais sobre a Inovar Recurso de Multa.<\/h3>\n<p>Clique no menu abaixo e saiba mais sobre a empresa,\u00a0 parcerias e novidades. <strong><ul id=\"menu-saiba-mais\" class=\"menu\"><li id=\"menu-item-315\" class=\"menu-item menu-item-type-post_type menu-item-object-page menu-item-315\"><a href=\"https:\/\/inovarrecursodemulta.com.br\/recursodemulta\/nossos-diferenciais\/\">Nossos Diferenciais<\/a><\/li>\n<li id=\"menu-item-731\" class=\"menu-item menu-item-type-post_type menu-item-object-page menu-item-731\"><a href=\"https:\/\/inovarrecursodemulta.com.br\/recursodemulta\/novidades\/\">Novidades<\/a><\/li>\n<li id=\"menu-item-285\" class=\"menu-item menu-item-type-post_type menu-item-object-page menu-item-285\"><a href=\"https:\/\/inovarrecursodemulta.com.br\/recursodemulta\/links-importante\/\">Links Importante<\/a><\/li>\n<li id=\"menu-item-283\" class=\"menu-item menu-item-type-post_type menu-item-object-page menu-item-283\"><a href=\"https:\/\/inovarrecursodemulta.com.br\/recursodemulta\/consulte-sua-multa\/\">Consulte Sua Multa<\/a><\/li>\n<li id=\"menu-item-284\" class=\"menu-item menu-item-type-post_type menu-item-object-page menu-item-284\"><a href=\"https:\/\/inovarrecursodemulta.com.br\/recursodemulta\/decisoes-favoraveis\/\">Decis\u00f5es Favor\u00e1veis<\/a><\/li>\n<li id=\"menu-item-282\" class=\"menu-item menu-item-type-post_type menu-item-object-page menu-item-282\"><a href=\"https:\/\/inovarrecursodemulta.com.br\/recursodemulta\/perguntas-mais-frequentes\/\">Pergunte Aqui<\/a><\/li>\n<\/ul><\/strong><\/p>\n\n<div class=\"contactinfo\">\n\t<div class=\"contactinfo-icon\"><img decoding=\"async\" src=\"https:\/\/inovarrecursodemulta.com.br\/recursodemulta\/wp-content\/uploads\/2021\/09\/support.png\" \/><\/div>\n\t<div class=\"contactinfo-content\">\n\t\t<h5><\/h5>\n\t\t<h4>(21) 97232-0304<\/h4>\n\t<\/div>\n<div class=\"clear\"><\/div>\n<\/div>\n\t\t\n<p>&nbsp;<\/p>\n<p>Atuamos junto a processos administrativos nos principais \u00f3rg\u00e3os de tr\u00e2nsito.<\/p>\n<p><img loading=\"lazy\" decoding=\"async\" class=\"aligncenter wp-image-289 size-full\" src=\"https:\/\/inovarrecursodemulta.com.br\/recursodemulta\/wp-content\/uploads\/2018\/10\/parcerias.jpg\" alt=\"\" width=\"795\" height=\"170\" srcset=\"https:\/\/inovarrecursodemulta.com.br\/recursodemulta\/wp-content\/uploads\/2018\/10\/parcerias.jpg 795w, https:\/\/inovarrecursodemulta.com.br\/recursodemulta\/wp-content\/uploads\/2018\/10\/parcerias-300x64.jpg 300w, https:\/\/inovarrecursodemulta.com.br\/recursodemulta\/wp-content\/uploads\/2018\/10\/parcerias-768x164.jpg 768w, https:\/\/inovarrecursodemulta.com.br\/recursodemulta\/wp-content\/uploads\/2018\/10\/parcerias-360x77.jpg 360w\" sizes=\"auto, (max-width: 795px) 100vw, 795px\" \/><\/p>\n<div class=\"su-image-carousel  su-image-carousel-has-spacing su-image-carousel-crop su-image-carousel-crop-16-9 su-image-carousel-has-outline su-image-carousel-adaptive su-image-carousel-slides-style-minimal su-image-carousel-controls-style-dark su-image-carousel-align-right\" style=\"\" data-flickity-options='{\"groupCells\":true,\"cellSelector\":\".su-image-carousel-item\",\"adaptiveHeight\":false,\"cellAlign\":\"left\",\"prevNextButtons\":true,\"pageDots\":true,\"autoPlay\":5000,\"imagesLoaded\":true,\"contain\":true,\"selectedAttraction\":0.025000000000000001387778780781445675529539585113525390625,\"friction\":0.2800000000000000266453525910037569701671600341796875}' id=\"su_image_carousel_69df4dcb233d2\"><div class=\"su-image-carousel-item\"><div class=\"su-image-carousel-item-content\"><a href=\"\" target=\"_blank\" rel=\"noopener noreferrer\" data-caption=\"RECORRER MULTA MOTO\"><img loading=\"lazy\" decoding=\"async\" width=\"1024\" height=\"603\" src=\"https:\/\/inovarrecursodemulta.com.br\/recursodemulta\/wp-content\/uploads\/2022\/06\/001-1024x603.jpg\" class=\"\" alt=\"RECORRER MULTA MOTO\" srcset=\"https:\/\/inovarrecursodemulta.com.br\/recursodemulta\/wp-content\/uploads\/2022\/06\/001-1024x603.jpg 1024w, https:\/\/inovarrecursodemulta.com.br\/recursodemulta\/wp-content\/uploads\/2022\/06\/001-300x177.jpg 300w, https:\/\/inovarrecursodemulta.com.br\/recursodemulta\/wp-content\/uploads\/2022\/06\/001-768x453.jpg 768w, https:\/\/inovarrecursodemulta.com.br\/recursodemulta\/wp-content\/uploads\/2022\/06\/001.jpg 1400w\" sizes=\"auto, (max-width: 1024px) 100vw, 1024px\" \/><\/a><\/div><\/div><div class=\"su-image-carousel-item\"><div class=\"su-image-carousel-item-content\"><a href=\"\" target=\"_blank\" rel=\"noopener noreferrer\" data-caption=\"\"><img loading=\"lazy\" decoding=\"async\" width=\"1024\" height=\"603\" src=\"https:\/\/inovarrecursodemulta.com.br\/recursodemulta\/wp-content\/uploads\/2022\/06\/006-1024x603.jpg\" class=\"\" alt=\"\" srcset=\"https:\/\/inovarrecursodemulta.com.br\/recursodemulta\/wp-content\/uploads\/2022\/06\/006-1024x603.jpg 1024w, https:\/\/inovarrecursodemulta.com.br\/recursodemulta\/wp-content\/uploads\/2022\/06\/006-300x177.jpg 300w, https:\/\/inovarrecursodemulta.com.br\/recursodemulta\/wp-content\/uploads\/2022\/06\/006-768x453.jpg 768w, https:\/\/inovarrecursodemulta.com.br\/recursodemulta\/wp-content\/uploads\/2022\/06\/006.jpg 1400w\" sizes=\"auto, (max-width: 1024px) 100vw, 1024px\" \/><\/a><\/div><\/div><div class=\"su-image-carousel-item\"><div class=\"su-image-carousel-item-content\"><a href=\"\" target=\"_blank\" rel=\"noopener noreferrer\" data-caption=\"\"><img loading=\"lazy\" decoding=\"async\" width=\"1024\" height=\"603\" src=\"https:\/\/inovarrecursodemulta.com.br\/recursodemulta\/wp-content\/uploads\/2022\/06\/002-1024x603.jpg\" class=\"\" alt=\"RECORRER MULTA DETRAN RJ\" srcset=\"https:\/\/inovarrecursodemulta.com.br\/recursodemulta\/wp-content\/uploads\/2022\/06\/002-1024x603.jpg 1024w, https:\/\/inovarrecursodemulta.com.br\/recursodemulta\/wp-content\/uploads\/2022\/06\/002-300x177.jpg 300w, https:\/\/inovarrecursodemulta.com.br\/recursodemulta\/wp-content\/uploads\/2022\/06\/002-768x453.jpg 768w, https:\/\/inovarrecursodemulta.com.br\/recursodemulta\/wp-content\/uploads\/2022\/06\/002.jpg 1400w\" sizes=\"auto, (max-width: 1024px) 100vw, 1024px\" \/><\/a><\/div><\/div><div class=\"su-image-carousel-item\"><div class=\"su-image-carousel-item-content\"><a href=\"\" target=\"_blank\" rel=\"noopener noreferrer\" data-caption=\"\"><img loading=\"lazy\" decoding=\"async\" width=\"1024\" height=\"603\" src=\"https:\/\/inovarrecursodemulta.com.br\/recursodemulta\/wp-content\/uploads\/2022\/06\/10-1024x603.jpg\" class=\"\" alt=\"\" srcset=\"https:\/\/inovarrecursodemulta.com.br\/recursodemulta\/wp-content\/uploads\/2022\/06\/10-1024x603.jpg 1024w, https:\/\/inovarrecursodemulta.com.br\/recursodemulta\/wp-content\/uploads\/2022\/06\/10-300x177.jpg 300w, https:\/\/inovarrecursodemulta.com.br\/recursodemulta\/wp-content\/uploads\/2022\/06\/10-768x453.jpg 768w, https:\/\/inovarrecursodemulta.com.br\/recursodemulta\/wp-content\/uploads\/2022\/06\/10.jpg 1400w\" sizes=\"auto, (max-width: 1024px) 100vw, 1024px\" \/><\/a><\/div><\/div><div class=\"su-image-carousel-item\"><div class=\"su-image-carousel-item-content\"><a href=\"\" target=\"_blank\" rel=\"noopener noreferrer\" data-caption=\"\"><img loading=\"lazy\" decoding=\"async\" width=\"1024\" height=\"603\" src=\"https:\/\/inovarrecursodemulta.com.br\/recursodemulta\/wp-content\/uploads\/2022\/06\/003-1024x603.jpg\" class=\"\" alt=\"RECORRER MULTA DETRAN RJ\" srcset=\"https:\/\/inovarrecursodemulta.com.br\/recursodemulta\/wp-content\/uploads\/2022\/06\/003-1024x603.jpg 1024w, https:\/\/inovarrecursodemulta.com.br\/recursodemulta\/wp-content\/uploads\/2022\/06\/003-300x177.jpg 300w, https:\/\/inovarrecursodemulta.com.br\/recursodemulta\/wp-content\/uploads\/2022\/06\/003-768x453.jpg 768w, https:\/\/inovarrecursodemulta.com.br\/recursodemulta\/wp-content\/uploads\/2022\/06\/003.jpg 1400w\" sizes=\"auto, (max-width: 1024px) 100vw, 1024px\" \/><\/a><\/div><\/div><div class=\"su-image-carousel-item\"><div class=\"su-image-carousel-item-content\"><a href=\"\" target=\"_blank\" rel=\"noopener noreferrer\" data-caption=\"\"><img loading=\"lazy\" decoding=\"async\" width=\"1024\" height=\"603\" src=\"https:\/\/inovarrecursodemulta.com.br\/recursodemulta\/wp-content\/uploads\/2022\/06\/004-1024x603.jpg\" class=\"\" alt=\"Recorrer de MUlta Lei Seca\" srcset=\"https:\/\/inovarrecursodemulta.com.br\/recursodemulta\/wp-content\/uploads\/2022\/06\/004-1024x603.jpg 1024w, https:\/\/inovarrecursodemulta.com.br\/recursodemulta\/wp-content\/uploads\/2022\/06\/004-300x177.jpg 300w, https:\/\/inovarrecursodemulta.com.br\/recursodemulta\/wp-content\/uploads\/2022\/06\/004-768x453.jpg 768w, https:\/\/inovarrecursodemulta.com.br\/recursodemulta\/wp-content\/uploads\/2022\/06\/004.jpg 1400w\" sizes=\"auto, (max-width: 1024px) 100vw, 1024px\" \/><\/a><\/div><\/div><\/div><script id=\"su_image_carousel_69df4dcb233d2_script\">if(window.SUImageCarousel){setTimeout(function() {window.SUImageCarousel.initGallery(document.getElementById(\"su_image_carousel_69df4dcb233d2\"))}, 0);}var su_image_carousel_69df4dcb233d2_script=document.getElementById(\"su_image_carousel_69df4dcb233d2_script\");if(su_image_carousel_69df4dcb233d2_script){su_image_carousel_69df4dcb233d2_script.parentNode.removeChild(su_image_carousel_69df4dcb233d2_script);}<\/script>\n","protected":false},"excerpt":{"rendered":"<p>Saiba Mais sobre a Inovar Recurso de Multa. Clique no menu abaixo e saiba mais sobre a empresa,\u00a0 parcerias e novidades. &nbsp; Atuamos junto a processos administrativos nos principais \u00f3rg\u00e3os de tr\u00e2nsito.<\/p>\n","protected":false},"author":1,"featured_media":0,"parent":0,"menu_order":0,"comment_status":"closed","ping_status":"closed","template":"","meta":{"footnotes":"","_links_to":"","_links_to_target":""},"class_list":["post-286","page","type-page","status-publish","hentry"],"yoast_head":"<!-- This site is optimized with the Yoast SEO plugin v26.7 - https:\/\/yoast.com\/wordpress\/plugins\/seo\/ -->\n<title>Saiba Mais - Recurso Lei Seca e Recurso de Multas RJ Recurso Lei Seca e Recurso de Multa RJ<\/title>\n<meta name=\"description\" content=\"Elaboramos recursos de multas e recurso de Lei Seca, t\u00e9cnicos experientes em processos administrativos junto ao Detran RJ e demais org\u00e3os de tr\u00e2nsito\" \/>\n<meta name=\"robots\" content=\"index, follow, max-snippet:-1, max-image-preview:large, max-video-preview:-1\" \/>\n<link rel=\"canonical\" href=\"https:\/\/inovarrecursodemulta.com.br\/recursodemulta\/saiba-mais\/\" \/>\n<meta property=\"og:locale\" content=\"pt_BR\" \/>\n<meta property=\"og:type\" content=\"article\" \/>\n<meta property=\"og:title\" content=\"Saiba Mais - Recurso Lei Seca e Recurso de Multas RJ Recurso Lei Seca e Recurso de Multa RJ\" \/>\n<meta property=\"og:description\" content=\"Elaboramos recursos de multas e recurso de Lei Seca, t\u00e9cnicos experientes em processos administrativos junto ao Detran RJ e demais org\u00e3os de tr\u00e2nsito\" \/>\n<meta property=\"og:url\" content=\"https:\/\/inovarrecursodemulta.com.br\/recursodemulta\/saiba-mais\/\" \/>\n<meta property=\"og:site_name\" content=\"Recurso Lei Seca e Recurso de Multas RJ\" \/>\n<meta property=\"article:publisher\" content=\"https:\/\/www.facebook.com\/inovarecursodemulta\/\" \/>\n<meta property=\"article:modified_time\" content=\"2022-06-18T12:32:32+00:00\" \/>\n<meta property=\"og:image\" content=\"https:\/\/inovarrecursodemulta.com.br\/recursodemulta\/wp-content\/uploads\/2018\/10\/parcerias.jpg\" \/>\n<meta name=\"twitter:card\" content=\"summary_large_image\" \/>\n<meta name=\"twitter:label1\" content=\"Est. tempo de leitura\" \/>\n\t<meta name=\"twitter:data1\" content=\"1 minuto\" \/>\n<script type=\"application\/ld+json\" class=\"yoast-schema-graph\">{\"@context\":\"https:\/\/schema.org\",\"@graph\":[{\"@type\":\"WebPage\",\"@id\":\"https:\/\/inovarrecursodemulta.com.br\/recursodemulta\/saiba-mais\/\",\"url\":\"https:\/\/inovarrecursodemulta.com.br\/recursodemulta\/saiba-mais\/\",\"name\":\"Saiba Mais - Recurso Lei Seca e Recurso de Multas RJ Recurso Lei Seca e Recurso de Multa RJ\",\"isPartOf\":{\"@id\":\"https:\/\/inovarrecursodemulta.com.br\/recursodemulta\/#website\"},\"primaryImageOfPage\":{\"@id\":\"https:\/\/inovarrecursodemulta.com.br\/recursodemulta\/saiba-mais\/#primaryimage\"},\"image\":{\"@id\":\"https:\/\/inovarrecursodemulta.com.br\/recursodemulta\/saiba-mais\/#primaryimage\"},\"thumbnailUrl\":\"https:\/\/inovarrecursodemulta.com.br\/recursodemulta\/wp-content\/uploads\/2018\/10\/parcerias.jpg\",\"datePublished\":\"2018-10-24T16:01:13+00:00\",\"dateModified\":\"2022-06-18T12:32:32+00:00\",\"description\":\"Elaboramos recursos de multas e recurso de Lei Seca, t\u00e9cnicos experientes em processos administrativos junto ao Detran RJ e demais org\u00e3os de tr\u00e2nsito\",\"breadcrumb\":{\"@id\":\"https:\/\/inovarrecursodemulta.com.br\/recursodemulta\/saiba-mais\/#breadcrumb\"},\"inLanguage\":\"pt-BR\",\"potentialAction\":[{\"@type\":\"ReadAction\",\"target\":[\"https:\/\/inovarrecursodemulta.com.br\/recursodemulta\/saiba-mais\/\"]}]},{\"@type\":\"ImageObject\",\"inLanguage\":\"pt-BR\",\"@id\":\"https:\/\/inovarrecursodemulta.com.br\/recursodemulta\/saiba-mais\/#primaryimage\",\"url\":\"https:\/\/inovarrecursodemulta.com.br\/recursodemulta\/wp-content\/uploads\/2018\/10\/parcerias.jpg\",\"contentUrl\":\"https:\/\/inovarrecursodemulta.com.br\/recursodemulta\/wp-content\/uploads\/2018\/10\/parcerias.jpg\",\"width\":795,\"height\":170,\"caption\":\"Org\u00e3os nos quais atuamos com recurso e processos administrativos\"},{\"@type\":\"BreadcrumbList\",\"@id\":\"https:\/\/inovarrecursodemulta.com.br\/recursodemulta\/saiba-mais\/#breadcrumb\",\"itemListElement\":[{\"@type\":\"ListItem\",\"position\":1,\"name\":\"In\u00edcio\",\"item\":\"https:\/\/inovarrecursodemulta.com.br\/recursodemulta\/\"},{\"@type\":\"ListItem\",\"position\":2,\"name\":\"Saiba Mais\"}]},{\"@type\":\"WebSite\",\"@id\":\"https:\/\/inovarrecursodemulta.com.br\/recursodemulta\/#website\",\"url\":\"https:\/\/inovarrecursodemulta.com.br\/recursodemulta\/\",\"name\":\"Recurso Lei Seca e Recurso de Multas RJ\",\"description\":\"Recurso Lei Seca e Recurso de Multas de Tr\u00e2nsito, Recurso CNH Suspensa no RJ\",\"potentialAction\":[{\"@type\":\"SearchAction\",\"target\":{\"@type\":\"EntryPoint\",\"urlTemplate\":\"https:\/\/inovarrecursodemulta.com.br\/recursodemulta\/?s={search_term_string}\"},\"query-input\":{\"@type\":\"PropertyValueSpecification\",\"valueRequired\":true,\"valueName\":\"search_term_string\"}}],\"inLanguage\":\"pt-BR\"}]}<\/script>\n<!-- \/ Yoast SEO plugin. -->","yoast_head_json":{"title":"Saiba Mais - Recurso Lei Seca e Recurso de Multas RJ Recurso Lei Seca e Recurso de Multa RJ","description":"Elaboramos recursos de multas e recurso de Lei Seca, t\u00e9cnicos experientes em processos administrativos junto ao Detran RJ e demais org\u00e3os de tr\u00e2nsito","robots":{"index":"index","follow":"follow","max-snippet":"max-snippet:-1","max-image-preview":"max-image-preview:large","max-video-preview":"max-video-preview:-1"},"canonical":"https:\/\/inovarrecursodemulta.com.br\/recursodemulta\/saiba-mais\/","og_locale":"pt_BR","og_type":"article","og_title":"Saiba Mais - Recurso Lei Seca e Recurso de Multas RJ Recurso Lei Seca e Recurso de Multa RJ","og_description":"Elaboramos recursos de multas e recurso de Lei Seca, t\u00e9cnicos experientes em processos administrativos junto ao Detran RJ e demais org\u00e3os de tr\u00e2nsito","og_url":"https:\/\/inovarrecursodemulta.com.br\/recursodemulta\/saiba-mais\/","og_site_name":"Recurso Lei Seca e Recurso de Multas RJ","article_publisher":"https:\/\/www.facebook.com\/inovarecursodemulta\/","article_modified_time":"2022-06-18T12:32:32+00:00","og_image":[{"url":"https:\/\/inovarrecursodemulta.com.br\/recursodemulta\/wp-content\/uploads\/2018\/10\/parcerias.jpg","type":"","width":"","height":""}],"twitter_card":"summary_large_image","twitter_misc":{"Est. tempo de leitura":"1 minuto"},"schema":{"@context":"https:\/\/schema.org","@graph":[{"@type":"WebPage","@id":"https:\/\/inovarrecursodemulta.com.br\/recursodemulta\/saiba-mais\/","url":"https:\/\/inovarrecursodemulta.com.br\/recursodemulta\/saiba-mais\/","name":"Saiba Mais - Recurso Lei Seca e Recurso de Multas RJ Recurso Lei Seca e Recurso de Multa RJ","isPartOf":{"@id":"https:\/\/inovarrecursodemulta.com.br\/recursodemulta\/#website"},"primaryImageOfPage":{"@id":"https:\/\/inovarrecursodemulta.com.br\/recursodemulta\/saiba-mais\/#primaryimage"},"image":{"@id":"https:\/\/inovarrecursodemulta.com.br\/recursodemulta\/saiba-mais\/#primaryimage"},"thumbnailUrl":"https:\/\/inovarrecursodemulta.com.br\/recursodemulta\/wp-content\/uploads\/2018\/10\/parcerias.jpg","datePublished":"2018-10-24T16:01:13+00:00","dateModified":"2022-06-18T12:32:32+00:00","description":"Elaboramos recursos de multas e recurso de Lei Seca, t\u00e9cnicos experientes em processos administrativos junto ao Detran RJ e demais org\u00e3os de tr\u00e2nsito","breadcrumb":{"@id":"https:\/\/inovarrecursodemulta.com.br\/recursodemulta\/saiba-mais\/#breadcrumb"},"inLanguage":"pt-BR","potentialAction":[{"@type":"ReadAction","target":["https:\/\/inovarrecursodemulta.com.br\/recursodemulta\/saiba-mais\/"]}]},{"@type":"ImageObject","inLanguage":"pt-BR","@id":"https:\/\/inovarrecursodemulta.com.br\/recursodemulta\/saiba-mais\/#primaryimage","url":"https:\/\/inovarrecursodemulta.com.br\/recursodemulta\/wp-content\/uploads\/2018\/10\/parcerias.jpg","contentUrl":"https:\/\/inovarrecursodemulta.com.br\/recursodemulta\/wp-content\/uploads\/2018\/10\/parcerias.jpg","width":795,"height":170,"caption":"Org\u00e3os nos quais atuamos com recurso e processos administrativos"},{"@type":"BreadcrumbList","@id":"https:\/\/inovarrecursodemulta.com.br\/recursodemulta\/saiba-mais\/#breadcrumb","itemListElement":[{"@type":"ListItem","position":1,"name":"In\u00edcio","item":"https:\/\/inovarrecursodemulta.com.br\/recursodemulta\/"},{"@type":"ListItem","position":2,"name":"Saiba Mais"}]},{"@type":"WebSite","@id":"https:\/\/inovarrecursodemulta.com.br\/recursodemulta\/#website","url":"https:\/\/inovarrecursodemulta.com.br\/recursodemulta\/","name":"Recurso Lei Seca e Recurso de Multas RJ","description":"Recurso Lei Seca e Recurso de Multas de Tr\u00e2nsito, Recurso CNH Suspensa no RJ","potentialAction":[{"@type":"SearchAction","target":{"@type":"EntryPoint","urlTemplate":"https:\/\/inovarrecursodemulta.com.br\/recursodemulta\/?s={search_term_string}"},"query-input":{"@type":"PropertyValueSpecification","valueRequired":true,"valueName":"search_term_string"}}],"inLanguage":"pt-BR"}]}},"_links":{"self":[{"href":"https:\/\/inovarrecursodemulta.com.br\/recursodemulta\/wp-json\/wp\/v2\/pages\/286","targetHints":{"allow":["GET"]}}],"collection":[{"href":"https:\/\/inovarrecursodemulta.com.br\/recursodemulta\/wp-json\/wp\/v2\/pages"}],"about":[{"href":"https:\/\/inovarrecursodemulta.com.br\/recursodemulta\/wp-json\/wp\/v2\/types\/page"}],"author":[{"embeddable":true,"href":"https:\/\/inovarrecursodemulta.com.br\/recursodemulta\/wp-json\/wp\/v2\/users\/1"}],"replies":[{"embeddable":true,"href":"https:\/\/inovarrecursodemulta.com.br\/recursodemulta\/wp-json\/wp\/v2\/comments?post=286"}],"version-history":[{"count":11,"href":"https:\/\/inovarrecursodemulta.com.br\/recursodemulta\/wp-json\/wp\/v2\/pages\/286\/revisions"}],"predecessor-version":[{"id":290,"href":"https:\/\/inovarrecursodemulta.com.br\/recursodemulta\/wp-json\/wp\/v2\/pages\/286\/revisions\/290"}],"wp:attachment":[{"href":"https:\/\/inovarrecursodemulta.com.br\/recursodemulta\/wp-json\/wp\/v2\/media?parent=286"}],"curies":[{"name":"wp","href":"https:\/\/api.w.org\/{rel}","templated":true}]}}