{"id":1850,"date":"2021-12-04T11:47:50","date_gmt":"2021-12-04T14:47:50","guid":{"rendered":"https:\/\/inovarrecursodemulta.com.br\/recursodemulta\/?page_id=1850"},"modified":"2021-12-04T12:31:56","modified_gmt":"2021-12-04T15:31:56","slug":"recurso-multa-motorista-profissional","status":"publish","type":"page","link":"https:\/\/inovarrecursodemulta.com.br\/recursodemulta\/recurso-multa-motorista-profissional\/","title":{"rendered":"Recurso Multa Motorista Profissional"},"content":{"rendered":"<h2><strong>RECURSO MULTA MOTORISTA PROFISSIONAL\u00a0<\/strong><\/h2>\n<p><strong>Seu motorista foi multado falando ao celular? Sua frota tem multa por velocidade excedida?<br \/>\n<\/strong><strong>Seja qual for sua multa, recorrer \u00e9 um direito da sua empresa.<br \/>\nN\u00e3o pague uma fortuna de multas, recorra com a Inovar!<\/strong><br \/>\n[whatsapp phone=&#8221;5521972320304&#8243; blank=&#8221;true&#8221;]Recorrer Multa Moto[\/whatsapp]\n\n<div class=\"contactinfo\">\n\t<div class=\"contactinfo-icon\"><img decoding=\"async\" src=\"https:\/\/inovarrecursodemulta.com.br\/recursodemulta\/wp-content\/uploads\/2021\/09\/support.png\" \/><\/div>\n\t<div class=\"contactinfo-content\">\n\t\t<h5><\/h5>\n\t\t<h4>(21) 97232-0304<\/h4>\n\t<\/div>\n<div class=\"clear\"><\/div>\n<\/div>\n\t\t\n<div class=\"sec_content_main_title\" style=\"text-align:center; color:#ffffff\"><span class=\"sub-title-head\" style=\"text-align:center;\">Saiba porque recorrer com a Inovar se voc\u00ea \u00e9 motorista profissional:<\/span><\/div>\n<div class=\"su-note\"  style=\"border-color:#d6d6d6;border-radius:3px;-moz-border-radius:3px;-webkit-border-radius:3px;\"><div class=\"su-note-inner su-u-clearfix su-u-trim\" style=\"background-color:#F0F0F0;border-color:#ffffff;color:#333333;border-radius:3px;-moz-border-radius:3px;-webkit-border-radius:3px;\">\n<h2><strong>Recurso de multas para frotas de carro, moto ou caminh\u00e3o<\/strong><\/h2>\n<p><img loading=\"lazy\" decoding=\"async\" class=\"alignleft wp-image-1853 size-medium\" src=\"https:\/\/inovarrecursodemulta.com.br\/recursodemulta\/wp-content\/uploads\/2021\/12\/uber-300x300.png\" alt=\"recurso de multa Uber\" width=\"300\" height=\"300\" srcset=\"https:\/\/inovarrecursodemulta.com.br\/recursodemulta\/wp-content\/uploads\/2021\/12\/uber-300x300.png 300w, https:\/\/inovarrecursodemulta.com.br\/recursodemulta\/wp-content\/uploads\/2021\/12\/uber-150x150.png 150w, https:\/\/inovarrecursodemulta.com.br\/recursodemulta\/wp-content\/uploads\/2021\/12\/uber.png 500w\" sizes=\"auto, (max-width: 300px) 100vw, 300px\" \/><\/p>\n<p>Pense na quantidade de dinheiro que uma transportadora paga anualmente por multas de tr\u00e2nsito de sua frota, muitas vezes injustas, ocorridas com seus motoristas na estrada?<br \/>\nRecorrer \u00e9 uma economia expressiva, al\u00e9m de manter seus colaboradores aptos para continuar a exercer sua fun\u00e7\u00e3o de motoristas habilitados.<\/p>\n<p>Excesso de multas em frotas, ocorrem ainda mais corriqueiramente com frota de <strong>T\u00e1xi<\/strong>, <strong>Uber <\/strong>e demais aplicativos al\u00e9m de ocorrer tamb\u00e9m com <strong>empresas de \u00f4nibus<\/strong> e de <strong>frotas de ve\u00edculos de transporte coletivo<\/strong>.<br \/>\nNossa empresa \u00e9 especializada em recurso de larga escala, priorizando seu atendimento e equacionando quantidade de multas com a necessidade da sua empresa.<\/p>\n<p>Frotas de motos tamb\u00e9m s\u00e3o clientes recorrentes de nosso escrit\u00f3rio, que oferece prazos e pre\u00e7os especiais para recurso de multas de motos.<\/p>\n<p><strong><a href=\"https:\/\/inovarrecursodemulta.com.br\/recursodemulta\/contato\/\">Fale com a INOVAR<\/a> <\/strong>e conhe\u00e7a nossos servi\u00e7o especial de recurso de multas e em processo de suspens\u00e3o para empresas e frotas de carros, motos, \u00f4nibus e caminh\u00f5es.<br \/>\n<strong>Recorra certo, recorra com a melhor do Rio, <a href=\"https:\/\/inovarrecursodemulta.com.br\/recursodemulta\/contato\/\">recorra com a INOVAR<\/a>!<\/strong><\/p>\n<div class=\"custombtn\" style=\"text-align:\">\t\n\t   <a class=\"morebutton\" href=\"https:\/\/web.whatsapp.com\/send?phone=5521972320304&amp;text=Ol%C3%A1,%20gostaria%20de%20saber%20mais%20sobre%20recurso\" target=\"blank\">PE\u00c7A SEU RECURSO<\/a>\t   \t   \n\t<\/div>\n<\/div><\/div>\n<div class=\"social-icons\">\n<a href=\"https:\/\/web.whatsapp.com\/send?phone=5521972320304\" target=\"_blank\" class=\"fab fa-whatsapp\"><\/a>\n<a href=\"https:\/\/www.facebook.com\/Inovar-Recurso-de-Multa-2150788571906370\/\" target=\"_blank\" class=\"fab fa-facebook-f\"><\/a>\n<a href=\"https:\/\/twitter.com\/RecursoMultasRJ\" target=\"_blank\" class=\"fab fa-twitter\"><\/a>\n<a href=\"https:\/\/www.instagram.com\/inovarrecursodemulta\/\" target=\"_blank\" class=\"fab fa-instagram\"><\/a>\n<a href=\"https:\/\/www.youtube.com\/channel\/UC8j0sc9EBux_-YsDmPS6HFw\" target=\"_blank\" class=\"fab fa-youtube\"><\/a>\n<\/div>\n<p>&nbsp;<\/p>\n<p><img loading=\"lazy\" decoding=\"async\" class=\"wp-image-1431 size-large\" src=\"https:\/\/inovarrecursodemulta.com.br\/recursodemulta\/wp-content\/uploads\/2021\/09\/inovar_multas-1024x603.jpg\" alt=\"Multas de Tr\u00e2nsito Inovar Recurso de Multa\" width=\"1024\" height=\"603\" srcset=\"https:\/\/inovarrecursodemulta.com.br\/recursodemulta\/wp-content\/uploads\/2021\/09\/inovar_multas-1024x603.jpg 1024w, https:\/\/inovarrecursodemulta.com.br\/recursodemulta\/wp-content\/uploads\/2021\/09\/inovar_multas-300x177.jpg 300w, https:\/\/inovarrecursodemulta.com.br\/recursodemulta\/wp-content\/uploads\/2021\/09\/inovar_multas-768x453.jpg 768w, https:\/\/inovarrecursodemulta.com.br\/recursodemulta\/wp-content\/uploads\/2021\/09\/inovar_multas.jpg 1400w\" sizes=\"auto, (max-width: 1024px) 100vw, 1024px\" \/><\/p>\n<p>&nbsp;<\/p>\n","protected":false},"excerpt":{"rendered":"<p>RECURSO MULTA MOTORISTA PROFISSIONAL\u00a0 Seu motorista foi multado falando ao celular? Sua frota tem multa por velocidade excedida? Seja qual for sua multa, recorrer \u00e9 um direito da sua empresa. N\u00e3o pague uma fortuna de multas, recorra com a Inovar! [whatsapp phone=&#8221;5521972320304&#8243; blank=&#8221;true&#8221;]Recorrer Multa Moto[\/whatsapp] &nbsp; &nbsp;<\/p>\n","protected":false},"author":1,"featured_media":0,"parent":0,"menu_order":0,"comment_status":"closed","ping_status":"closed","template":"","meta":{"footnotes":"","_links_to":"","_links_to_target":""},"class_list":["post-1850","page","type-page","status-publish","hentry"],"yoast_head":"<!-- This site is optimized with the Yoast SEO plugin v26.7 - https:\/\/yoast.com\/wordpress\/plugins\/seo\/ -->\n<title>Recurso Multa Motorista Profissional - Recurso Lei Seca e Recurso de Multas RJ Recurso Lei Seca e Recurso de Multa RJ<\/title>\n<meta name=\"description\" content=\"Elaboramos recursos de multas e recurso de Lei Seca, t\u00e9cnicos experientes em processos administrativos junto ao Detran RJ e demais org\u00e3os de tr\u00e2nsito\" \/>\n<meta name=\"robots\" content=\"index, follow, max-snippet:-1, max-image-preview:large, max-video-preview:-1\" \/>\n<link rel=\"canonical\" href=\"https:\/\/inovarrecursodemulta.com.br\/recursodemulta\/recurso-multa-motorista-profissional\/\" \/>\n<meta property=\"og:locale\" content=\"pt_BR\" \/>\n<meta property=\"og:type\" content=\"article\" \/>\n<meta property=\"og:title\" content=\"Recurso Multa Motorista Profissional - Recurso Lei Seca e Recurso de Multas RJ Recurso Lei Seca e Recurso de Multa RJ\" \/>\n<meta property=\"og:description\" content=\"Elaboramos recursos de multas e recurso de Lei Seca, t\u00e9cnicos experientes em processos administrativos junto ao Detran RJ e demais org\u00e3os de tr\u00e2nsito\" \/>\n<meta property=\"og:url\" content=\"https:\/\/inovarrecursodemulta.com.br\/recursodemulta\/recurso-multa-motorista-profissional\/\" \/>\n<meta property=\"og:site_name\" content=\"Recurso Lei Seca e Recurso de Multas RJ\" \/>\n<meta property=\"article:publisher\" content=\"https:\/\/www.facebook.com\/inovarecursodemulta\/\" \/>\n<meta property=\"article:modified_time\" content=\"2021-12-04T15:31:56+00:00\" \/>\n<meta property=\"og:image\" content=\"https:\/\/inovarrecursodemulta.com.br\/recursodemulta\/wp-content\/uploads\/2021\/12\/uber-300x300.png\" \/>\n<meta name=\"twitter:card\" content=\"summary_large_image\" \/>\n<meta name=\"twitter:label1\" content=\"Est. tempo de leitura\" \/>\n\t<meta name=\"twitter:data1\" content=\"2 minutos\" \/>\n<script type=\"application\/ld+json\" class=\"yoast-schema-graph\">{\"@context\":\"https:\/\/schema.org\",\"@graph\":[{\"@type\":\"WebPage\",\"@id\":\"https:\/\/inovarrecursodemulta.com.br\/recursodemulta\/recurso-multa-motorista-profissional\/\",\"url\":\"https:\/\/inovarrecursodemulta.com.br\/recursodemulta\/recurso-multa-motorista-profissional\/\",\"name\":\"Recurso Multa Motorista Profissional - Recurso Lei Seca e Recurso de Multas RJ Recurso Lei Seca e Recurso de Multa RJ\",\"isPartOf\":{\"@id\":\"https:\/\/inovarrecursodemulta.com.br\/recursodemulta\/#website\"},\"primaryImageOfPage\":{\"@id\":\"https:\/\/inovarrecursodemulta.com.br\/recursodemulta\/recurso-multa-motorista-profissional\/#primaryimage\"},\"image\":{\"@id\":\"https:\/\/inovarrecursodemulta.com.br\/recursodemulta\/recurso-multa-motorista-profissional\/#primaryimage\"},\"thumbnailUrl\":\"https:\/\/inovarrecursodemulta.com.br\/recursodemulta\/wp-content\/uploads\/2021\/12\/uber-300x300.png\",\"datePublished\":\"2021-12-04T14:47:50+00:00\",\"dateModified\":\"2021-12-04T15:31:56+00:00\",\"description\":\"Elaboramos recursos de multas e recurso de Lei Seca, t\u00e9cnicos experientes em processos administrativos junto ao Detran RJ e demais org\u00e3os de tr\u00e2nsito\",\"breadcrumb\":{\"@id\":\"https:\/\/inovarrecursodemulta.com.br\/recursodemulta\/recurso-multa-motorista-profissional\/#breadcrumb\"},\"inLanguage\":\"pt-BR\",\"potentialAction\":[{\"@type\":\"ReadAction\",\"target\":[\"https:\/\/inovarrecursodemulta.com.br\/recursodemulta\/recurso-multa-motorista-profissional\/\"]}]},{\"@type\":\"ImageObject\",\"inLanguage\":\"pt-BR\",\"@id\":\"https:\/\/inovarrecursodemulta.com.br\/recursodemulta\/recurso-multa-motorista-profissional\/#primaryimage\",\"url\":\"https:\/\/inovarrecursodemulta.com.br\/recursodemulta\/wp-content\/uploads\/2021\/12\/uber.png\",\"contentUrl\":\"https:\/\/inovarrecursodemulta.com.br\/recursodemulta\/wp-content\/uploads\/2021\/12\/uber.png\",\"width\":500,\"height\":499,\"caption\":\"recurso de multa Uber\"},{\"@type\":\"BreadcrumbList\",\"@id\":\"https:\/\/inovarrecursodemulta.com.br\/recursodemulta\/recurso-multa-motorista-profissional\/#breadcrumb\",\"itemListElement\":[{\"@type\":\"ListItem\",\"position\":1,\"name\":\"In\u00edcio\",\"item\":\"https:\/\/inovarrecursodemulta.com.br\/recursodemulta\/\"},{\"@type\":\"ListItem\",\"position\":2,\"name\":\"Recurso Multa Motorista Profissional\"}]},{\"@type\":\"WebSite\",\"@id\":\"https:\/\/inovarrecursodemulta.com.br\/recursodemulta\/#website\",\"url\":\"https:\/\/inovarrecursodemulta.com.br\/recursodemulta\/\",\"name\":\"Recurso Lei Seca e Recurso de Multas RJ\",\"description\":\"Recurso Lei Seca e Recurso de Multas de Tr\u00e2nsito, Recurso CNH Suspensa no RJ\",\"potentialAction\":[{\"@type\":\"SearchAction\",\"target\":{\"@type\":\"EntryPoint\",\"urlTemplate\":\"https:\/\/inovarrecursodemulta.com.br\/recursodemulta\/?s={search_term_string}\"},\"query-input\":{\"@type\":\"PropertyValueSpecification\",\"valueRequired\":true,\"valueName\":\"search_term_string\"}}],\"inLanguage\":\"pt-BR\"}]}<\/script>\n<!-- \/ Yoast SEO plugin. -->","yoast_head_json":{"title":"Recurso Multa Motorista Profissional - Recurso Lei Seca e Recurso de Multas RJ Recurso Lei Seca e Recurso de Multa RJ","description":"Elaboramos recursos de multas e recurso de Lei Seca, t\u00e9cnicos experientes em processos administrativos junto ao Detran RJ e demais org\u00e3os de tr\u00e2nsito","robots":{"index":"index","follow":"follow","max-snippet":"max-snippet:-1","max-image-preview":"max-image-preview:large","max-video-preview":"max-video-preview:-1"},"canonical":"https:\/\/inovarrecursodemulta.com.br\/recursodemulta\/recurso-multa-motorista-profissional\/","og_locale":"pt_BR","og_type":"article","og_title":"Recurso Multa Motorista Profissional - Recurso Lei Seca e Recurso de Multas RJ Recurso Lei Seca e Recurso de Multa RJ","og_description":"Elaboramos recursos de multas e recurso de Lei Seca, t\u00e9cnicos experientes em processos administrativos junto ao Detran RJ e demais org\u00e3os de tr\u00e2nsito","og_url":"https:\/\/inovarrecursodemulta.com.br\/recursodemulta\/recurso-multa-motorista-profissional\/","og_site_name":"Recurso Lei Seca e Recurso de Multas RJ","article_publisher":"https:\/\/www.facebook.com\/inovarecursodemulta\/","article_modified_time":"2021-12-04T15:31:56+00:00","og_image":[{"url":"https:\/\/inovarrecursodemulta.com.br\/recursodemulta\/wp-content\/uploads\/2021\/12\/uber-300x300.png","type":"","width":"","height":""}],"twitter_card":"summary_large_image","twitter_misc":{"Est. tempo de leitura":"2 minutos"},"schema":{"@context":"https:\/\/schema.org","@graph":[{"@type":"WebPage","@id":"https:\/\/inovarrecursodemulta.com.br\/recursodemulta\/recurso-multa-motorista-profissional\/","url":"https:\/\/inovarrecursodemulta.com.br\/recursodemulta\/recurso-multa-motorista-profissional\/","name":"Recurso Multa Motorista Profissional - Recurso Lei Seca e Recurso de Multas RJ Recurso Lei Seca e Recurso de Multa RJ","isPartOf":{"@id":"https:\/\/inovarrecursodemulta.com.br\/recursodemulta\/#website"},"primaryImageOfPage":{"@id":"https:\/\/inovarrecursodemulta.com.br\/recursodemulta\/recurso-multa-motorista-profissional\/#primaryimage"},"image":{"@id":"https:\/\/inovarrecursodemulta.com.br\/recursodemulta\/recurso-multa-motorista-profissional\/#primaryimage"},"thumbnailUrl":"https:\/\/inovarrecursodemulta.com.br\/recursodemulta\/wp-content\/uploads\/2021\/12\/uber-300x300.png","datePublished":"2021-12-04T14:47:50+00:00","dateModified":"2021-12-04T15:31:56+00:00","description":"Elaboramos recursos de multas e recurso de Lei Seca, t\u00e9cnicos experientes em processos administrativos junto ao Detran RJ e demais org\u00e3os de tr\u00e2nsito","breadcrumb":{"@id":"https:\/\/inovarrecursodemulta.com.br\/recursodemulta\/recurso-multa-motorista-profissional\/#breadcrumb"},"inLanguage":"pt-BR","potentialAction":[{"@type":"ReadAction","target":["https:\/\/inovarrecursodemulta.com.br\/recursodemulta\/recurso-multa-motorista-profissional\/"]}]},{"@type":"ImageObject","inLanguage":"pt-BR","@id":"https:\/\/inovarrecursodemulta.com.br\/recursodemulta\/recurso-multa-motorista-profissional\/#primaryimage","url":"https:\/\/inovarrecursodemulta.com.br\/recursodemulta\/wp-content\/uploads\/2021\/12\/uber.png","contentUrl":"https:\/\/inovarrecursodemulta.com.br\/recursodemulta\/wp-content\/uploads\/2021\/12\/uber.png","width":500,"height":499,"caption":"recurso de multa Uber"},{"@type":"BreadcrumbList","@id":"https:\/\/inovarrecursodemulta.com.br\/recursodemulta\/recurso-multa-motorista-profissional\/#breadcrumb","itemListElement":[{"@type":"ListItem","position":1,"name":"In\u00edcio","item":"https:\/\/inovarrecursodemulta.com.br\/recursodemulta\/"},{"@type":"ListItem","position":2,"name":"Recurso Multa Motorista Profissional"}]},{"@type":"WebSite","@id":"https:\/\/inovarrecursodemulta.com.br\/recursodemulta\/#website","url":"https:\/\/inovarrecursodemulta.com.br\/recursodemulta\/","name":"Recurso Lei Seca e Recurso de Multas RJ","description":"Recurso Lei Seca e Recurso de Multas de Tr\u00e2nsito, Recurso CNH Suspensa no RJ","potentialAction":[{"@type":"SearchAction","target":{"@type":"EntryPoint","urlTemplate":"https:\/\/inovarrecursodemulta.com.br\/recursodemulta\/?s={search_term_string}"},"query-input":{"@type":"PropertyValueSpecification","valueRequired":true,"valueName":"search_term_string"}}],"inLanguage":"pt-BR"}]}},"_links":{"self":[{"href":"https:\/\/inovarrecursodemulta.com.br\/recursodemulta\/wp-json\/wp\/v2\/pages\/1850","targetHints":{"allow":["GET"]}}],"collection":[{"href":"https:\/\/inovarrecursodemulta.com.br\/recursodemulta\/wp-json\/wp\/v2\/pages"}],"about":[{"href":"https:\/\/inovarrecursodemulta.com.br\/recursodemulta\/wp-json\/wp\/v2\/types\/page"}],"author":[{"embeddable":true,"href":"https:\/\/inovarrecursodemulta.com.br\/recursodemulta\/wp-json\/wp\/v2\/users\/1"}],"replies":[{"embeddable":true,"href":"https:\/\/inovarrecursodemulta.com.br\/recursodemulta\/wp-json\/wp\/v2\/comments?post=1850"}],"version-history":[{"count":7,"href":"https:\/\/inovarrecursodemulta.com.br\/recursodemulta\/wp-json\/wp\/v2\/pages\/1850\/revisions"}],"predecessor-version":[{"id":1867,"href":"https:\/\/inovarrecursodemulta.com.br\/recursodemulta\/wp-json\/wp\/v2\/pages\/1850\/revisions\/1867"}],"wp:attachment":[{"href":"https:\/\/inovarrecursodemulta.com.br\/recursodemulta\/wp-json\/wp\/v2\/media?parent=1850"}],"curies":[{"name":"wp","href":"https:\/\/api.w.org\/{rel}","templated":true}]}}