{"id":18,"date":"2018-10-23T09:47:37","date_gmt":"2018-10-23T12:47:37","guid":{"rendered":"https:\/\/inovarrecursodemulta.com.br\/recursodemulta\/?page_id=18"},"modified":"2023-01-13T16:40:24","modified_gmt":"2023-01-13T19:40:24","slug":"suspensao-e-cassacao-cnh","status":"publish","type":"page","link":"https:\/\/inovarrecursodemulta.com.br\/recursodemulta\/suspensao-e-cassacao-cnh\/","title":{"rendered":"Suspens\u00e3o e Cassa\u00e7\u00e3o CNH"},"content":{"rendered":"<h3>Notificado em processo de Suspens\u00e3o ou Cassa\u00e7\u00e3o CNH?<br \/>\nFale conosco, recorra j\u00e1 e n\u00e3o perca sua CNH .<\/h3>\n<p>Clique no menu abaixo e saiba mais sobre processo de suspens\u00e3o ou\u00a0 cassa\u00e7\u00e3o da Carteira Nacional de Habilita\u00e7\u00e3o:<\/p>\n<p><strong><ul id=\"menu-multas-cnh\" class=\"menu\"><li id=\"menu-item-72\" class=\"menu-item menu-item-type-post_type menu-item-object-page menu-item-72\"><a href=\"https:\/\/inovarrecursodemulta.com.br\/recursodemulta\/processo-suspensao-cnh\/\">Recurso Suspens\u00e3o CNH<\/a><\/li>\n<li id=\"menu-item-71\" class=\"menu-item menu-item-type-post_type menu-item-object-page menu-item-71\"><a href=\"https:\/\/inovarrecursodemulta.com.br\/recursodemulta\/processo-cassacao-cnh\/\">Recurso Cassa\u00e7\u00e3o CNH<\/a><\/li>\n<li id=\"menu-item-70\" class=\"menu-item menu-item-type-post_type menu-item-object-page menu-item-70\"><a href=\"https:\/\/inovarrecursodemulta.com.br\/recursodemulta\/recurso-cnh-bloqueada\/\">Recurso Judicial CNH bloqueada<\/a><\/li>\n<\/ul><\/strong><\/p>\n\n<div class=\"contactinfo\">\n\t<div class=\"contactinfo-icon\"><img decoding=\"async\" src=\"https:\/\/inovarrecursodemulta.com.br\/recursodemulta\/wp-content\/uploads\/2021\/09\/support.png\" \/><\/div>\n\t<div class=\"contactinfo-content\">\n\t\t<h5><\/h5>\n\t\t<h4>(21) 97232-0304<\/h4>\n\t<\/div>\n<div class=\"clear\"><\/div>\n<\/div>\n\t\t\n<div class=\"su-spoiler su-spoiler-style-fancy su-spoiler-icon-arrow su-spoiler-closed\" data-scroll-offset=\"0\" data-anchor-in-url=\"no\"><div class=\"su-spoiler-title\" tabindex=\"0\" role=\"button\"><span class=\"su-spoiler-icon\"><\/span>RECORRER DA SUSPENS\u00c3O DO DIREITO DE DIRIGIR<\/div><div class=\"su-spoiler-content su-u-clearfix su-u-trim\">\n<p>RECORRER DA SUSPENS\u00c3O DO DIREITO DE DIRIGIR<\/p>\n<p>&#8220;O processo administrativo de suspens\u00e3o do direito de dirigir de condutor infrator, que poder\u00e1 suspender o direito de dirigir de 6 (seis) meses a 2 (dois) anos, conforme estabelecido nos artigos 256, inciso III, 261 do C\u00f3digo de Tr\u00e2nsito Brasileiro (CTB) e Resolu\u00e7\u00e3o Contran 723\/2018, s\u00f3 ser\u00e1 instaurado depois de esgotados todos os meios de defesa da(s) infra\u00e7\u00e3o(\u00f5es).&#8221;<\/p>\n<p>A PENALIDADE DE SUSPENS\u00c3O DO DIREITO DE DIRIGIR SER\u00c1 APLICADA NAS SEGUINTES SITUA\u00c7\u00d5ES:<\/p>\n<p>SUSPENS\u00c3O POR SOMA DA PONTUA\u00c7\u00c3O REGISTRADA NA CNH.<br \/>\nCada infra\u00e7\u00e3o possui uma pontua\u00e7\u00e3o (7, 5, 4, 3). Ao atingir o limite de pontos em qualquer per\u00edodo de 12 meses, poder\u00e1 ser instaurado, em at\u00e9 cinco anos, um processo de suspens\u00e3o da CNH.<\/p>\n<p>Novo limite de pontos: 40 pontos sem infra\u00e7\u00e3o grav\u00edssima, 30 pontos com 1 infra\u00e7\u00e3o grav\u00edssima, 20 pontos com 2 ou mais infra\u00e7\u00f5es grav\u00edssimas.<\/p>\n<p>Para motoristas profissionais o Limite \u00e9 de 40 pontos, independentemente da natureza da infra\u00e7\u00e3o.<br \/>\n<\/div><\/div>\n<div class=\"su-spoiler su-spoiler-style-fancy su-spoiler-icon-arrow su-spoiler-closed\" data-scroll-offset=\"0\" data-anchor-in-url=\"no\"><div class=\"su-spoiler-title\" tabindex=\"0\" role=\"button\"><span class=\"su-spoiler-icon\"><\/span>SUSPENS\u00c3O POR INFRA\u00c7\u00d5ES QUE POR SI S\u00d3 PREVEEM A SUSPENS\u00c3O<\/div><div class=\"su-spoiler-content su-u-clearfix su-u-trim\">\n<p><strong>SUSPENS\u00c3O POR INFRA\u00c7\u00d5ES QUE POR SI S\u00d3 PREVEEM A SUSPENS\u00c3O.<\/strong><\/p>\n<p>Existem infra\u00e7\u00f5es que, de forma especifica, preveem a penalidade de suspens\u00e3o do direito de dirigir. Essas infra\u00e7\u00f5es s\u00e3o grav\u00edssimas e est\u00e3o estabelecidas no C\u00f3digo de Tr\u00e2nsito Brasileiro, como, por exemplo, conduzir ve\u00edculo sob a influ\u00eancia de \u00e1lcool (art. 165 do CTB).Clique aquipara saber todas as infra\u00e7\u00f5es que por si s\u00f3 j\u00e1 suspendem a CNH.<br \/>\nA instaura\u00e7\u00e3o do processo e a notifica\u00e7\u00e3o s\u00e3o cumpridas em um \u00fanico ato administrativo, por meio de notifica\u00e7\u00e3o expedida ao infrator por remessa postal ou por outros meios, desde que assegurada sua ci\u00eancia, por exemplo publica\u00e7\u00e3o em Di\u00e1rio Oficial.<\/p>\n<p>Cabe ressaltar a import\u00e2ncia de manter atualizado o endere\u00e7o no cadastro do DETRAN\/RJ pois as notifica\u00e7\u00f5es n\u00e3o recebidas por endere\u00e7o desconhecidos, n\u00famero n\u00e3o existente ou endere\u00e7o insuficiente implicar\u00e1 na publica\u00e7\u00e3o no Di\u00e1rio Oficial para assegurar o direito \u00e0 ampla defesa.<br \/>\n<\/div><\/div>\n<div class=\"su-spoiler su-spoiler-style-fancy su-spoiler-icon-arrow su-spoiler-closed\" data-scroll-offset=\"0\" data-anchor-in-url=\"no\"><div class=\"su-spoiler-title\" tabindex=\"0\" role=\"button\"><span class=\"su-spoiler-icon\"><\/span>DEFESAS DO CONDUTOR<\/div><div class=\"su-spoiler-content su-u-clearfix su-u-trim\">\n<p><strong>DEFESAS DO CONDUTOR<\/strong><\/p>\n<p>A INOVAR RECURSO DE MULTAS atua com a defesa pr\u00e9via e respectivo recurso administrativo junto ao Detran e demais org\u00e3os, fale conosco e informe o prazo e conteudo da sua notofica\u00e7\u00e3o e podemos ajuda-lo com servi\u00e7os profissionais, \u00e1geis, de modo online ou presencial em nosso escrit\u00f3rio.<\/p>\n<p>Atuamos ainda no caso do n\u00e3o acolhimento da defesa pr\u00e9via, atraves de interposi\u00e7\u00e3o de recurso, em 1\u00aa inst\u00e2ncia, \u00e0 Jari (Junta Administrativa de Recursos de Infra\u00e7\u00f5es do DETRAN\/RJ), e &#8211; caso a decis\u00e3o da Jari seja desfavor\u00e1vel &#8211; atuamos ainda na interposi\u00e7\u00e3o de recurso em 2\u00aa inst\u00e2ncia, dirigido ao CETRAN\/RJ (Conselho Estadual de Tr\u00e2nsito).<\/p>\n<p>E lembre-se:<br \/>\nCaso o infrator estiver conduzindo ve\u00edculo, durante o per\u00edodo de suspens\u00e3o, estar\u00e1 sujeito \u00e0 imposi\u00e7\u00e3o de multa, conforme disposto o art.162, inciso II, do CTB, e \u00e0 instaura\u00e7\u00e3o do processo de cassa\u00e7\u00e3o da CNH, de acordo com o art.263, inciso I, do CTB. O condutor com a CNH cassada ficar\u00e1 obrigatoriamente 2 anos sem poder dirigir e s\u00f3 poder\u00e1 solicitar a reabilita\u00e7\u00e3o ap\u00f3s esse prazo, passando novamente por todo o processo para obter o documento.<\/p>\n<\/div><\/div>\n<div class=\"su-spoiler su-spoiler-style-fancy su-spoiler-icon-arrow su-spoiler-closed\" data-scroll-offset=\"0\" data-anchor-in-url=\"no\"><div class=\"su-spoiler-title\" tabindex=\"0\" role=\"button\"><span class=\"su-spoiler-icon\"><\/span>OPERA\u00c7\u00c3O LEI SECA<\/div><div class=\"su-spoiler-content su-u-clearfix su-u-trim\">\n<p><strong>OPERA\u00c7\u00c3O LEI SECA (ART. 165 CTB)<\/strong><\/p>\n<p>O recolhimento da CNH durante a Opera\u00e7\u00e3o Lei Seca \u00e9 uma medida administrativa e, em 5 (cinco) dias \u00fateis, o documento estar\u00e1 dispon\u00edvel para ser devolvido ao condutor (vai de regra, na sede do Detran).<\/p>\n<p>Ap\u00f3s instaurado o processo administrativo para suspender o direito de dirigir do condutor infrator, e mantida a penalidade pelos \u00f3rg\u00e3os recursais ou n\u00e3o havendo interposi\u00e7\u00e3o de recurso, a autoridade de tr\u00e2nsito notificar\u00e1 o infrator para entregar sua CNH.<\/p>\n<p>RECUSA EM SE SUBMETER A QUALQUER UM DOS TESTES DE ALCOOLEMIA<\/p>\n<p>O condutor que se recusar a se submeter a qualquer dos testes de alcoolemia sofrer\u00e1 as san\u00e7\u00f5es e medidas administrativas previstas no art. 165-A do CTB: multa de R$ 2.934,70, recolhimento da habilita\u00e7\u00e3o, suspens\u00e3o do direito de dirigir por 12 meses, al\u00e9m da reten\u00e7\u00e3o do ve\u00edculo, at\u00e9 a apresenta\u00e7\u00e3o de condutor habilitado.<\/p>\n<\/div><\/div>\n<div class=\"su-spoiler su-spoiler-style-fancy su-spoiler-icon-arrow su-spoiler-closed\" data-scroll-offset=\"0\" data-anchor-in-url=\"no\"><div class=\"su-spoiler-title\" tabindex=\"0\" role=\"button\"><span class=\"su-spoiler-icon\"><\/span>CNH SUSPENSA<\/div><div class=\"su-spoiler-content su-u-clearfix su-u-trim\">\n<p><strong>CNH SUSPENSA<\/strong><\/p>\n<p>O condutor suspenso em seu direito de dirigir ser\u00e1 notificado para entregar a CNH em um posto de habilita\u00e7\u00e3o mais pr\u00f3ximo de sua resid\u00eancia ou no NUDA \/ Acesso 4 da Sede do DETRAN\/RJ. O prazo de suspens\u00e3o ser\u00e1 contado um dia ap\u00f3s a data limite impressa na Notifica\u00e7\u00e3o de Entrega da CNH.<\/p>\n<p>Caso a Notifica\u00e7\u00e3o seja realizada atrav\u00e9s de Di\u00e1rio Oficial, o prazo come\u00e7ar\u00e1 a ser contado a partir do 11\u00ba (d\u00e9cimo primeiro) dia da data de publica\u00e7\u00e3o.<\/p>\n<p>A Carteira Nacional de Habilita\u00e7\u00e3o (CNH), caso j\u00e1 n\u00e3o esteja acautelada, dever\u00e1 ser entregue na unidade de tr\u00e2nsito na qual o documento est\u00e1 registrado, sendo devolvida ao condutor ap\u00f3s o efetivo cumprimento do prazo da penalidade de suspens\u00e3o aplicada e aprova\u00e7\u00e3o no curso de reciclagem para condutores infratores &#8211; CRCI.<\/p>\n<\/div><\/div>\n<div class=\"su-spoiler su-spoiler-style-fancy su-spoiler-icon-arrow su-spoiler-closed\" data-scroll-offset=\"0\" data-anchor-in-url=\"no\"><div class=\"su-spoiler-title\" tabindex=\"0\" role=\"button\"><span class=\"su-spoiler-icon\"><\/span>QUEM PODE APRESENTAR DEFESA PR\u00c9VIA OU RECURSO?<\/div><div class=\"su-spoiler-content su-u-clearfix su-u-trim\">\n<p><strong>Quem pode apresentar defesa pr\u00e9via ou recurso?<\/strong><br \/>\nA INOVAR atua na elabora\u00e7\u00e3o, protocolo e acompanhamento de seu processo administrativo em todas as inst\u00e2ncias, desde a defesa pr\u00e9via inicial!<\/p>\n<\/div><\/div>\n<div class=\"su-spoiler su-spoiler-style-fancy su-spoiler-icon-arrow su-spoiler-closed\" data-scroll-offset=\"0\" data-anchor-in-url=\"no\"><div class=\"su-spoiler-title\" tabindex=\"0\" role=\"button\"><span class=\"su-spoiler-icon\"><\/span>QUAL PRAZO PARA RECORRER?<\/div><div class=\"su-spoiler-content su-u-clearfix su-u-trim\">\n<p>Qual o prazo para dar entrada no recurso?<\/p>\n<p>O motorista ter\u00e1 30 dias para apresentar o recurso, a contar da data do recebimento da notifica\u00e7\u00e3o ou da publica\u00e7\u00e3o, em Di\u00e1rio Oficial, da decis\u00e3o da autoridade de tr\u00e2nsito que aplicou a suspens\u00e3o do direito de dirigir.<br \/>\nEste prazo consta do ato administrativo em que a autoridade decidiu aplicar a suspens\u00e3o.<\/p>\n<p>O prazo de recurso \u00e9 fatal, cont\u00ednuo e perempt\u00f3rio. Se n\u00e3o houver expediente no Detran-RJ no \u00faltimo dia do prazo, poder\u00e1 ser interposto at\u00e9 o primeiro dia \u00fatil imediato, com expediente no \u00f3rg\u00e3o.<\/p>\n<\/div><\/div>\n<div class=\"su-spoiler su-spoiler-style-fancy su-spoiler-icon-arrow su-spoiler-closed\" data-scroll-offset=\"0\" data-anchor-in-url=\"no\"><div class=\"su-spoiler-title\" tabindex=\"0\" role=\"button\"><span class=\"su-spoiler-icon\"><\/span>O MOTORISTA PODE CONTINUAR A DIRIGIR?<\/div><div class=\"su-spoiler-content su-u-clearfix su-u-trim\">\n<p><strong>O motorista pode continuar a dirigir?<\/strong><\/p>\n<p>Sim.<br \/>\n&#8211; Uma vez publicada a decis\u00e3o do presidente do Detran-RJ de suspender o seu direito de dirigir, na qual lhe ser\u00e1 informado o prazo para interposi\u00e7\u00e3o de recurso, caso n\u00e3o concorde com a penalidade que est\u00e1 sendo aplicada, o motorista poder\u00e1 continuar a dirigir at\u00e9 as 24 horas do \u00faltimo dia de prazo para a apresenta\u00e7\u00e3o do recurso.<\/p>\n<p>&#8211; Expirado esse prazo, SEM interposi\u00e7\u00e3o de recurso, o motorista n\u00e3o poder\u00e1 mais dirigir qualquer tipo de ve\u00edculo automotor. Se o fizer, estar\u00e1 cometendo um crime de tr\u00e2nsito &#8211; violar a suspens\u00e3o do direito de dirigir &#8211; ficando sujeito a cumprir pena de deten\u00e7\u00e3o de seis meses a um ano, mais multa e cassa\u00e7\u00e3o da Carteira Nacional de Habilita\u00e7\u00e3o.<\/p>\n<p>Entretanto, SE TIVER RECORRIDO contra a puni\u00e7\u00e3o imposta, o motorista poder\u00e1 continuar a dirigir at\u00e9 esgotar-se o tr\u00e2mite do recurso na esfera administrativa. Neste caso, s\u00f3 ap\u00f3s uma decis\u00e3o desfavor\u00e1vel do Cetran \u00e9 que o motorista ficar\u00e1 efetivamente suspenso.<\/p>\n<p>Por isso \u00e9 IMPORTANTE RECORRER SEMPRE: conte com a INOVAR para elaborar e protocolar seu recurso!<br \/>\n<\/div><\/div>\n<p><a href=\"https:\/\/inovarrecursodemulta.com.br\/recursodemulta\/contato\/\"><img loading=\"lazy\" decoding=\"async\" class=\"aligncenter wp-image-2208 size-large\" src=\"https:\/\/inovarrecursodemulta.com.br\/recursodemulta\/wp-content\/uploads\/2023\/01\/recursomultas-1024x603.jpg\" alt=\"Empresa de recurso de multas lei seca rj\" width=\"1024\" height=\"603\" srcset=\"https:\/\/inovarrecursodemulta.com.br\/recursodemulta\/wp-content\/uploads\/2023\/01\/recursomultas-1024x603.jpg 1024w, https:\/\/inovarrecursodemulta.com.br\/recursodemulta\/wp-content\/uploads\/2023\/01\/recursomultas-300x177.jpg 300w, https:\/\/inovarrecursodemulta.com.br\/recursodemulta\/wp-content\/uploads\/2023\/01\/recursomultas-768x453.jpg 768w, https:\/\/inovarrecursodemulta.com.br\/recursodemulta\/wp-content\/uploads\/2023\/01\/recursomultas.jpg 1400w\" sizes=\"auto, (max-width: 1024px) 100vw, 1024px\" \/><\/a><\/p>\n","protected":false},"excerpt":{"rendered":"<p>Notificado em processo de Suspens\u00e3o ou Cassa\u00e7\u00e3o CNH? Fale conosco, recorra j\u00e1 e n\u00e3o perca sua CNH . Clique no menu abaixo e saiba mais sobre processo de suspens\u00e3o ou\u00a0 cassa\u00e7\u00e3o da Carteira Nacional de Habilita\u00e7\u00e3o:<\/p>\n","protected":false},"author":1,"featured_media":0,"parent":0,"menu_order":2,"comment_status":"closed","ping_status":"closed","template":"","meta":{"footnotes":"","_links_to":"","_links_to_target":""},"class_list":["post-18","page","type-page","status-publish","hentry"],"yoast_head":"<!-- This site is optimized with the Yoast SEO plugin v26.7 - https:\/\/yoast.com\/wordpress\/plugins\/seo\/ -->\n<title>Suspens\u00e3o e Cassa\u00e7\u00e3o CNH - Recurso Lei Seca e Recurso de Multas RJ Recurso Lei Seca e Recurso de Multa RJ<\/title>\n<meta name=\"description\" content=\"Elaboramos recursos de multas e recurso de Lei Seca, t\u00e9cnicos experientes em processos administrativos junto ao Detran RJ e demais org\u00e3os de tr\u00e2nsito\" \/>\n<meta name=\"robots\" content=\"index, follow, max-snippet:-1, max-image-preview:large, max-video-preview:-1\" \/>\n<link rel=\"canonical\" href=\"https:\/\/inovarrecursodemulta.com.br\/recursodemulta\/suspensao-e-cassacao-cnh\/\" \/>\n<meta property=\"og:locale\" content=\"pt_BR\" \/>\n<meta property=\"og:type\" content=\"article\" \/>\n<meta property=\"og:title\" content=\"Suspens\u00e3o e Cassa\u00e7\u00e3o CNH - Recurso Lei Seca e Recurso de Multas RJ Recurso Lei Seca e Recurso de Multa RJ\" \/>\n<meta property=\"og:description\" content=\"Elaboramos recursos de multas e recurso de Lei Seca, t\u00e9cnicos experientes em processos administrativos junto ao Detran RJ e demais org\u00e3os de tr\u00e2nsito\" \/>\n<meta property=\"og:url\" content=\"https:\/\/inovarrecursodemulta.com.br\/recursodemulta\/suspensao-e-cassacao-cnh\/\" \/>\n<meta property=\"og:site_name\" content=\"Recurso Lei Seca e Recurso de Multas RJ\" \/>\n<meta property=\"article:publisher\" content=\"https:\/\/www.facebook.com\/inovarecursodemulta\/\" \/>\n<meta property=\"article:modified_time\" content=\"2023-01-13T19:40:24+00:00\" \/>\n<meta property=\"og:image\" content=\"https:\/\/inovarrecursodemulta.com.br\/recursodemulta\/wp-content\/uploads\/2023\/01\/recursomultas-1024x603.jpg\" \/>\n<meta name=\"twitter:card\" content=\"summary_large_image\" \/>\n<meta name=\"twitter:label1\" content=\"Est. tempo de leitura\" \/>\n\t<meta name=\"twitter:data1\" content=\"7 minutos\" \/>\n<script type=\"application\/ld+json\" class=\"yoast-schema-graph\">{\"@context\":\"https:\/\/schema.org\",\"@graph\":[{\"@type\":\"WebPage\",\"@id\":\"https:\/\/inovarrecursodemulta.com.br\/recursodemulta\/suspensao-e-cassacao-cnh\/\",\"url\":\"https:\/\/inovarrecursodemulta.com.br\/recursodemulta\/suspensao-e-cassacao-cnh\/\",\"name\":\"Suspens\u00e3o e Cassa\u00e7\u00e3o CNH - Recurso Lei Seca e Recurso de Multas RJ Recurso Lei Seca e Recurso de Multa RJ\",\"isPartOf\":{\"@id\":\"https:\/\/inovarrecursodemulta.com.br\/recursodemulta\/#website\"},\"primaryImageOfPage\":{\"@id\":\"https:\/\/inovarrecursodemulta.com.br\/recursodemulta\/suspensao-e-cassacao-cnh\/#primaryimage\"},\"image\":{\"@id\":\"https:\/\/inovarrecursodemulta.com.br\/recursodemulta\/suspensao-e-cassacao-cnh\/#primaryimage\"},\"thumbnailUrl\":\"https:\/\/inovarrecursodemulta.com.br\/recursodemulta\/wp-content\/uploads\/2023\/01\/recursomultas-1024x603.jpg\",\"datePublished\":\"2018-10-23T12:47:37+00:00\",\"dateModified\":\"2023-01-13T19:40:24+00:00\",\"description\":\"Elaboramos recursos de multas e recurso de Lei Seca, t\u00e9cnicos experientes em processos administrativos junto ao Detran RJ e demais org\u00e3os de tr\u00e2nsito\",\"breadcrumb\":{\"@id\":\"https:\/\/inovarrecursodemulta.com.br\/recursodemulta\/suspensao-e-cassacao-cnh\/#breadcrumb\"},\"inLanguage\":\"pt-BR\",\"potentialAction\":[{\"@type\":\"ReadAction\",\"target\":[\"https:\/\/inovarrecursodemulta.com.br\/recursodemulta\/suspensao-e-cassacao-cnh\/\"]}]},{\"@type\":\"ImageObject\",\"inLanguage\":\"pt-BR\",\"@id\":\"https:\/\/inovarrecursodemulta.com.br\/recursodemulta\/suspensao-e-cassacao-cnh\/#primaryimage\",\"url\":\"https:\/\/inovarrecursodemulta.com.br\/recursodemulta\/wp-content\/uploads\/2023\/01\/recursomultas.jpg\",\"contentUrl\":\"https:\/\/inovarrecursodemulta.com.br\/recursodemulta\/wp-content\/uploads\/2023\/01\/recursomultas.jpg\",\"width\":1400,\"height\":825,\"caption\":\"Empresa de recurso de multas lei seca rj\"},{\"@type\":\"BreadcrumbList\",\"@id\":\"https:\/\/inovarrecursodemulta.com.br\/recursodemulta\/suspensao-e-cassacao-cnh\/#breadcrumb\",\"itemListElement\":[{\"@type\":\"ListItem\",\"position\":1,\"name\":\"In\u00edcio\",\"item\":\"https:\/\/inovarrecursodemulta.com.br\/recursodemulta\/\"},{\"@type\":\"ListItem\",\"position\":2,\"name\":\"Suspens\u00e3o e Cassa\u00e7\u00e3o CNH\"}]},{\"@type\":\"WebSite\",\"@id\":\"https:\/\/inovarrecursodemulta.com.br\/recursodemulta\/#website\",\"url\":\"https:\/\/inovarrecursodemulta.com.br\/recursodemulta\/\",\"name\":\"Recurso Lei Seca e Recurso de Multas RJ\",\"description\":\"Recurso Lei Seca e Recurso de Multas de Tr\u00e2nsito, Recurso CNH Suspensa no RJ\",\"potentialAction\":[{\"@type\":\"SearchAction\",\"target\":{\"@type\":\"EntryPoint\",\"urlTemplate\":\"https:\/\/inovarrecursodemulta.com.br\/recursodemulta\/?s={search_term_string}\"},\"query-input\":{\"@type\":\"PropertyValueSpecification\",\"valueRequired\":true,\"valueName\":\"search_term_string\"}}],\"inLanguage\":\"pt-BR\"}]}<\/script>\n<!-- \/ Yoast SEO plugin. -->","yoast_head_json":{"title":"Suspens\u00e3o e Cassa\u00e7\u00e3o CNH - Recurso Lei Seca e Recurso de Multas RJ Recurso Lei Seca e Recurso de Multa RJ","description":"Elaboramos recursos de multas e recurso de Lei Seca, t\u00e9cnicos experientes em processos administrativos junto ao Detran RJ e demais org\u00e3os de tr\u00e2nsito","robots":{"index":"index","follow":"follow","max-snippet":"max-snippet:-1","max-image-preview":"max-image-preview:large","max-video-preview":"max-video-preview:-1"},"canonical":"https:\/\/inovarrecursodemulta.com.br\/recursodemulta\/suspensao-e-cassacao-cnh\/","og_locale":"pt_BR","og_type":"article","og_title":"Suspens\u00e3o e Cassa\u00e7\u00e3o CNH - Recurso Lei Seca e Recurso de Multas RJ Recurso Lei Seca e Recurso de Multa RJ","og_description":"Elaboramos recursos de multas e recurso de Lei Seca, t\u00e9cnicos experientes em processos administrativos junto ao Detran RJ e demais org\u00e3os de tr\u00e2nsito","og_url":"https:\/\/inovarrecursodemulta.com.br\/recursodemulta\/suspensao-e-cassacao-cnh\/","og_site_name":"Recurso Lei Seca e Recurso de Multas RJ","article_publisher":"https:\/\/www.facebook.com\/inovarecursodemulta\/","article_modified_time":"2023-01-13T19:40:24+00:00","og_image":[{"url":"https:\/\/inovarrecursodemulta.com.br\/recursodemulta\/wp-content\/uploads\/2023\/01\/recursomultas-1024x603.jpg","type":"","width":"","height":""}],"twitter_card":"summary_large_image","twitter_misc":{"Est. tempo de leitura":"7 minutos"},"schema":{"@context":"https:\/\/schema.org","@graph":[{"@type":"WebPage","@id":"https:\/\/inovarrecursodemulta.com.br\/recursodemulta\/suspensao-e-cassacao-cnh\/","url":"https:\/\/inovarrecursodemulta.com.br\/recursodemulta\/suspensao-e-cassacao-cnh\/","name":"Suspens\u00e3o e Cassa\u00e7\u00e3o CNH - Recurso Lei Seca e Recurso de Multas RJ Recurso Lei Seca e Recurso de Multa RJ","isPartOf":{"@id":"https:\/\/inovarrecursodemulta.com.br\/recursodemulta\/#website"},"primaryImageOfPage":{"@id":"https:\/\/inovarrecursodemulta.com.br\/recursodemulta\/suspensao-e-cassacao-cnh\/#primaryimage"},"image":{"@id":"https:\/\/inovarrecursodemulta.com.br\/recursodemulta\/suspensao-e-cassacao-cnh\/#primaryimage"},"thumbnailUrl":"https:\/\/inovarrecursodemulta.com.br\/recursodemulta\/wp-content\/uploads\/2023\/01\/recursomultas-1024x603.jpg","datePublished":"2018-10-23T12:47:37+00:00","dateModified":"2023-01-13T19:40:24+00:00","description":"Elaboramos recursos de multas e recurso de Lei Seca, t\u00e9cnicos experientes em processos administrativos junto ao Detran RJ e demais org\u00e3os de tr\u00e2nsito","breadcrumb":{"@id":"https:\/\/inovarrecursodemulta.com.br\/recursodemulta\/suspensao-e-cassacao-cnh\/#breadcrumb"},"inLanguage":"pt-BR","potentialAction":[{"@type":"ReadAction","target":["https:\/\/inovarrecursodemulta.com.br\/recursodemulta\/suspensao-e-cassacao-cnh\/"]}]},{"@type":"ImageObject","inLanguage":"pt-BR","@id":"https:\/\/inovarrecursodemulta.com.br\/recursodemulta\/suspensao-e-cassacao-cnh\/#primaryimage","url":"https:\/\/inovarrecursodemulta.com.br\/recursodemulta\/wp-content\/uploads\/2023\/01\/recursomultas.jpg","contentUrl":"https:\/\/inovarrecursodemulta.com.br\/recursodemulta\/wp-content\/uploads\/2023\/01\/recursomultas.jpg","width":1400,"height":825,"caption":"Empresa de recurso de multas lei seca rj"},{"@type":"BreadcrumbList","@id":"https:\/\/inovarrecursodemulta.com.br\/recursodemulta\/suspensao-e-cassacao-cnh\/#breadcrumb","itemListElement":[{"@type":"ListItem","position":1,"name":"In\u00edcio","item":"https:\/\/inovarrecursodemulta.com.br\/recursodemulta\/"},{"@type":"ListItem","position":2,"name":"Suspens\u00e3o e Cassa\u00e7\u00e3o CNH"}]},{"@type":"WebSite","@id":"https:\/\/inovarrecursodemulta.com.br\/recursodemulta\/#website","url":"https:\/\/inovarrecursodemulta.com.br\/recursodemulta\/","name":"Recurso Lei Seca e Recurso de Multas RJ","description":"Recurso Lei Seca e Recurso de Multas de Tr\u00e2nsito, Recurso CNH Suspensa no RJ","potentialAction":[{"@type":"SearchAction","target":{"@type":"EntryPoint","urlTemplate":"https:\/\/inovarrecursodemulta.com.br\/recursodemulta\/?s={search_term_string}"},"query-input":{"@type":"PropertyValueSpecification","valueRequired":true,"valueName":"search_term_string"}}],"inLanguage":"pt-BR"}]}},"_links":{"self":[{"href":"https:\/\/inovarrecursodemulta.com.br\/recursodemulta\/wp-json\/wp\/v2\/pages\/18","targetHints":{"allow":["GET"]}}],"collection":[{"href":"https:\/\/inovarrecursodemulta.com.br\/recursodemulta\/wp-json\/wp\/v2\/pages"}],"about":[{"href":"https:\/\/inovarrecursodemulta.com.br\/recursodemulta\/wp-json\/wp\/v2\/types\/page"}],"author":[{"embeddable":true,"href":"https:\/\/inovarrecursodemulta.com.br\/recursodemulta\/wp-json\/wp\/v2\/users\/1"}],"replies":[{"embeddable":true,"href":"https:\/\/inovarrecursodemulta.com.br\/recursodemulta\/wp-json\/wp\/v2\/comments?post=18"}],"version-history":[{"count":12,"href":"https:\/\/inovarrecursodemulta.com.br\/recursodemulta\/wp-json\/wp\/v2\/pages\/18\/revisions"}],"predecessor-version":[{"id":2239,"href":"https:\/\/inovarrecursodemulta.com.br\/recursodemulta\/wp-json\/wp\/v2\/pages\/18\/revisions\/2239"}],"wp:attachment":[{"href":"https:\/\/inovarrecursodemulta.com.br\/recursodemulta\/wp-json\/wp\/v2\/media?parent=18"}],"curies":[{"name":"wp","href":"https:\/\/api.w.org\/{rel}","templated":true}]}}