{"id":1747,"date":"2021-11-11T12:01:37","date_gmt":"2021-11-11T15:01:37","guid":{"rendered":"https:\/\/inovarrecursodemulta.com.br\/recursodemulta\/?page_id=1747"},"modified":"2021-11-11T12:03:06","modified_gmt":"2021-11-11T15:03:06","slug":"opiniao-de-nossos-clientes","status":"publish","type":"page","link":"https:\/\/inovarrecursodemulta.com.br\/recursodemulta\/opiniao-de-nossos-clientes\/","title":{"rendered":"Opini\u00e3o de Nossos Clientes"},"content":{"rendered":"<h2>Depoimentos de clientes que recorreram com a Inovar<\/h2>\n<div class=\"su-note\"  style=\"border-color:#191919;border-radius:3px;-moz-border-radius:3px;-webkit-border-radius:3px;\"><div class=\"su-note-inner su-u-clearfix su-u-trim\" style=\"background-color:#333333;border-color:#ffffff;color:#bbbbbb;border-radius:3px;-moz-border-radius:3px;-webkit-border-radius:3px;\">\n<div id=\"clienttestiminials\"><div class=\"owl-carousel\">\n\t\t\t<div class=\"item\">\n\t\t\t\t<div class=\"arrow_box\">\n\t\t\t\t\t<div class=\"designation_box\">\n\t\t\t\t\t\t<div class=\"tmthumb\"><img decoding=\"async\" src=\"https:\/\/inovarrecursodemulta.com.br\/recursodemulta\/wp-content\/uploads\/2021\/11\/clien01.jpg\" alt=\" \" \/><\/div>\n\t\t\t\t\t\t<h4>Atendimento sensacional<\/h4>\n\t\t\t\t\t\t<h6> Matheus Lima<\/h6>\t\t\t\t\t\t\n\t\t\t\t\t\t<p>Muito atencioso, bastante profissional. Atendimento sensacional, at\u00e9 mesmo depois de j\u00e1 ter resolvido!!! Parab\u00e9ns \ud83d\udc4f\ud83d\udc4f\ud83d\udc4f<\/p>\n\t\t\t\t\t\t<div class=\"clear\"><\/div>\t\n\t\t\t\t\t<\/div>\n\t\t\t\t<\/div>\n\t\t\t<\/div>\n\t\t\t<div class=\"item\">\n\t\t\t\t<div class=\"arrow_box\">\n\t\t\t\t\t<div class=\"designation_box\">\n\t\t\t\t\t\t<div class=\"tmthumb\"><img decoding=\"async\" src=\"https:\/\/inovarrecursodemulta.com.br\/recursodemulta\/wp-content\/uploads\/2021\/11\/clien02.jpg\" alt=\" \" \/><\/div>\n\t\t\t\t\t\t<h4>Qualidade e profissionalismo<\/h4>\n\t\t\t\t\t\t<h6> Marivaldo Gomes<\/h6>\t\t\t\t\t\t\n\t\t\t\t\t\t<p>Desde o in\u00edcio que estive l\u00e1 com o Hugo , foi de uma qualidade excelente de atendimento e profissionalismo, sempre explicado sobre o trabalho a<\/p>\n\t\t\t\t\t\t<div class=\"clear\"><\/div>\t\n\t\t\t\t\t<\/div>\n\t\t\t\t<\/div>\n\t\t\t<\/div>\n\t\t\t<div class=\"item\">\n\t\t\t\t<div class=\"arrow_box\">\n\t\t\t\t\t<div class=\"designation_box\">\n\t\t\t\t\t\t<div class=\"tmthumb\"><img decoding=\"async\" src=\"https:\/\/inovarrecursodemulta.com.br\/recursodemulta\/wp-content\/uploads\/2021\/10\/clien03.jpg\" alt=\" \" \/><\/div>\n\t\t\t\t\t\t<h4>\u00d3timos profissionais<\/h4>\n\t\t\t\t\t\t<h6> <\/h6>\t\t\t\t\t\t\n\t\t\t\t\t\t<p>\u00d3timos profissionais. Parab\u00e9ns!!<\/p>\n\t\t\t\t\t\t<div class=\"clear\"><\/div>\t\n\t\t\t\t\t<\/div>\n\t\t\t\t<\/div>\n\t\t\t<\/div>\n\t\t\t<div class=\"item\">\n\t\t\t\t<div class=\"arrow_box\">\n\t\t\t\t\t<div class=\"designation_box\">\n\t\t\t\t\t\t<div class=\"tmthumb\"><img decoding=\"async\" src=\"https:\/\/inovarrecursodemulta.com.br\/recursodemulta\/wp-content\/uploads\/2021\/10\/mil-estrelas.jpg\" alt=\" \" \/><\/div>\n\t\t\t\t\t\t<h4>1000 estrelas<\/h4>\n\t\t\t\t\t\t<h6> Alicia Pereira<\/h6>\t\t\t\t\t\t\n\t\t\t\t\t\t<p>Excelente resultado na resolu\u00e7\u00e3o do problema! 1000 estrelas!<\/p>\n\t\t\t\t\t\t<div class=\"clear\"><\/div>\t\n\t\t\t\t\t<\/div>\n\t\t\t\t<\/div>\n\t\t\t<\/div>\n\t\t\t<div class=\"item\">\n\t\t\t\t<div class=\"arrow_box\">\n\t\t\t\t\t<div class=\"designation_box\">\n\t\t\t\t\t\t<div class=\"tmthumb\"><img decoding=\"async\" src=\"https:\/\/inovarrecursodemulta.com.br\/recursodemulta\/wp-content\/uploads\/2021\/10\/clien04.jpg\" alt=\" \" \/><\/div>\n\t\t\t\t\t\t<h4>R\u00e1pidos, prestativos, eficientes<\/h4>\n\t\t\t\t\t\t<h6> Cliente S.<\/h6>\t\t\t\t\t\t\n\t\t\t\t\t\t<p>R\u00e1pidos, prestativos, eficientes! Muito bom!<\/p>\n\t\t\t\t\t\t<div class=\"clear\"><\/div>\t\n\t\t\t\t\t<\/div>\n\t\t\t\t<\/div>\n\t\t\t<\/div>\n\t\t\t<div class=\"item\">\n\t\t\t\t<div class=\"arrow_box\">\n\t\t\t\t\t<div class=\"designation_box\">\n\t\t\t\t\t\t<div class=\"tmthumb\"><img decoding=\"async\" src=\"https:\/\/inovarrecursodemulta.com.br\/recursodemulta\/wp-content\/uploads\/2021\/10\/clien05.jpg\" alt=\" \" \/><\/div>\n\t\t\t\t\t\t<h4>Me auxiliaram muito<\/h4>\n\t\t\t\t\t\t<h6> Marcio Souza<\/h6>\t\t\t\t\t\t\n\t\t\t\t\t\t<p>Me auxiliaram muito bem e meu processo teve resultado positivo pra mim, bom servi\u00e7o me foi prestado.<\/p>\n\t\t\t\t\t\t<div class=\"clear\"><\/div>\t\n\t\t\t\t\t<\/div>\n\t\t\t\t<\/div>\n\t\t\t<\/div>\n\t\t\t<div class=\"item\">\n\t\t\t\t<div class=\"arrow_box\">\n\t\t\t\t\t<div class=\"designation_box\">\n\t\t\t\t\t\t<div class=\"tmthumb\"><img decoding=\"async\" src=\"https:\/\/inovarrecursodemulta.com.br\/recursodemulta\/wp-content\/uploads\/2021\/09\/recomendo-a-Inovar.jpg\" alt=\" \" \/><\/div>\n\t\t\t\t\t\t<h4>Recomendo a Inovar<\/h4>\n\t\t\t\t\t\t<h6> Ana Paula Ferreira<\/h6>\t\t\t\t\t\t\n\t\t\t\t\t\t<p>Parab\u00e9ns pela aten\u00e7\u00e3o do in\u00edcio ao fim. Recomendo a Inovar.<\/p>\n\t\t\t\t\t\t<div class=\"clear\"><\/div>\t\n\t\t\t\t\t<\/div>\n\t\t\t\t<\/div>\n\t\t\t<\/div>\n\t\t\t<div class=\"item\">\n\t\t\t\t<div class=\"arrow_box\">\n\t\t\t\t\t<div class=\"designation_box\">\n\t\t\t\t\t\t<div class=\"tmthumb\"><img decoding=\"async\" src=\"https:\/\/inovarrecursodemulta.com.br\/recursodemulta\/wp-content\/uploads\/2021\/09\/so-tenho-a-agradecer.jpg\" alt=\" \" \/><\/div>\n\t\t\t\t\t\t<h4>S\u00f3 tenho a agradecer<\/h4>\n\t\t\t\t\t\t<h6> Ivan Gomes<\/h6>\t\t\t\t\t\t\n\t\t\t\t\t\t<p>S\u00f3 tenho a agradecer ao trabalho realizado pela equipe, em especial ao Hugo, pelos esclarecimentos sobre o meu processo quando necess\u00e1rio e principalmente pelo resultado<\/p>\n\t\t\t\t\t\t<div class=\"clear\"><\/div>\t\n\t\t\t\t\t<\/div>\n\t\t\t\t<\/div>\n\t\t\t<\/div>\n\t\t\t<div class=\"item\">\n\t\t\t\t<div class=\"arrow_box\">\n\t\t\t\t\t<div class=\"designation_box\">\n\t\t\t\t\t\t<div class=\"tmthumb\"><img decoding=\"async\" src=\"https:\/\/inovarrecursodemulta.com.br\/recursodemulta\/wp-content\/uploads\/2021\/09\/clien11.jpg\" alt=\" \" \/><\/div>\n\t\t\t\t\t\t<h4>Resolveu a dor de cabe\u00e7a<\/h4>\n\t\t\t\t\t\t<h6> Maria Lucia H. Santos<\/h6>\t\t\t\t\t\t\n\t\t\t\t\t\t<p>Mesmo com endere\u00e7o atualizado, quase perdi minha Carteira por n\u00e3o receber varias notifica\u00e7\u00f5es. Entrei no site e resolvi recorrer. (...) Fiquei feliz e surpresa com<\/p>\n\t\t\t\t\t\t<div class=\"clear\"><\/div>\t\n\t\t\t\t\t<\/div>\n\t\t\t\t<\/div>\n\t\t\t<\/div>\n\t\t\t<div class=\"item\">\n\t\t\t\t<div class=\"arrow_box\">\n\t\t\t\t\t<div class=\"designation_box\">\n\t\t\t\t\t\t<div class=\"tmthumb\"><img decoding=\"async\" src=\"https:\/\/inovarrecursodemulta.com.br\/recursodemulta\/wp-content\/uploads\/2021\/08\/clien06.jpg\" alt=\" \" \/><\/div>\n\t\t\t\t\t\t<h4>Adorei a empresa<\/h4>\n\t\t\t\t\t\t<h6> T\u00e2nia Ferreira<\/h6>\t\t\t\t\t\t\n\t\t\t\t\t\t<p>Adorei a empresa, profissionais super competentes. Tinha um carro financiado pelo leasing, as multas vinham todas em meu nome, eles conseguiram fazer a transfer\u00eancia para<\/p>\n\t\t\t\t\t\t<div class=\"clear\"><\/div>\t\n\t\t\t\t\t<\/div>\n\t\t\t\t<\/div>\n\t\t\t<\/div><\/div><\/div>\n<\/div><\/div>\n<p>&nbsp;<\/p>\n","protected":false},"excerpt":{"rendered":"<p>Depoimentos de clientes que recorreram com a Inovar &nbsp;<\/p>\n","protected":false},"author":1,"featured_media":0,"parent":0,"menu_order":0,"comment_status":"closed","ping_status":"closed","template":"","meta":{"footnotes":"","_links_to":"","_links_to_target":""},"class_list":["post-1747","page","type-page","status-publish","hentry"],"yoast_head":"<!-- This site is optimized with the Yoast SEO plugin v26.7 - https:\/\/yoast.com\/wordpress\/plugins\/seo\/ -->\n<title>Opini\u00e3o de Nossos Clientes - Recurso Lei Seca e Recurso de Multas RJ Recurso Lei Seca e Recurso de Multa RJ<\/title>\n<meta name=\"description\" content=\"Elaboramos recursos de multas e recurso de Lei Seca, t\u00e9cnicos experientes em processos administrativos junto ao Detran RJ e demais org\u00e3os de tr\u00e2nsito\" \/>\n<meta name=\"robots\" content=\"index, follow, max-snippet:-1, max-image-preview:large, max-video-preview:-1\" \/>\n<link rel=\"canonical\" href=\"https:\/\/inovarrecursodemulta.com.br\/recursodemulta\/opiniao-de-nossos-clientes\/\" \/>\n<meta property=\"og:locale\" content=\"pt_BR\" \/>\n<meta property=\"og:type\" content=\"article\" \/>\n<meta property=\"og:title\" content=\"Opini\u00e3o de Nossos Clientes - Recurso Lei Seca e Recurso de Multas RJ Recurso Lei Seca e Recurso de Multa RJ\" \/>\n<meta property=\"og:description\" content=\"Elaboramos recursos de multas e recurso de Lei Seca, t\u00e9cnicos experientes em processos administrativos junto ao Detran RJ e demais org\u00e3os de tr\u00e2nsito\" \/>\n<meta property=\"og:url\" content=\"https:\/\/inovarrecursodemulta.com.br\/recursodemulta\/opiniao-de-nossos-clientes\/\" \/>\n<meta property=\"og:site_name\" content=\"Recurso Lei Seca e Recurso de Multas RJ\" \/>\n<meta property=\"article:publisher\" content=\"https:\/\/www.facebook.com\/inovarecursodemulta\/\" \/>\n<meta property=\"article:modified_time\" content=\"2021-11-11T15:03:06+00:00\" \/>\n<meta name=\"twitter:card\" content=\"summary_large_image\" \/>\n<meta name=\"twitter:label1\" content=\"Est. tempo de leitura\" \/>\n\t<meta name=\"twitter:data1\" content=\"1 minuto\" \/>\n<script type=\"application\/ld+json\" class=\"yoast-schema-graph\">{\"@context\":\"https:\/\/schema.org\",\"@graph\":[{\"@type\":\"WebPage\",\"@id\":\"https:\/\/inovarrecursodemulta.com.br\/recursodemulta\/opiniao-de-nossos-clientes\/\",\"url\":\"https:\/\/inovarrecursodemulta.com.br\/recursodemulta\/opiniao-de-nossos-clientes\/\",\"name\":\"Opini\u00e3o de Nossos Clientes - Recurso Lei Seca e Recurso de Multas RJ Recurso Lei Seca e Recurso de Multa RJ\",\"isPartOf\":{\"@id\":\"https:\/\/inovarrecursodemulta.com.br\/recursodemulta\/#website\"},\"datePublished\":\"2021-11-11T15:01:37+00:00\",\"dateModified\":\"2021-11-11T15:03:06+00:00\",\"description\":\"Elaboramos recursos de multas e recurso de Lei Seca, t\u00e9cnicos experientes em processos administrativos junto ao Detran RJ e demais org\u00e3os de tr\u00e2nsito\",\"breadcrumb\":{\"@id\":\"https:\/\/inovarrecursodemulta.com.br\/recursodemulta\/opiniao-de-nossos-clientes\/#breadcrumb\"},\"inLanguage\":\"pt-BR\",\"potentialAction\":[{\"@type\":\"ReadAction\",\"target\":[\"https:\/\/inovarrecursodemulta.com.br\/recursodemulta\/opiniao-de-nossos-clientes\/\"]}]},{\"@type\":\"BreadcrumbList\",\"@id\":\"https:\/\/inovarrecursodemulta.com.br\/recursodemulta\/opiniao-de-nossos-clientes\/#breadcrumb\",\"itemListElement\":[{\"@type\":\"ListItem\",\"position\":1,\"name\":\"In\u00edcio\",\"item\":\"https:\/\/inovarrecursodemulta.com.br\/recursodemulta\/\"},{\"@type\":\"ListItem\",\"position\":2,\"name\":\"Opini\u00e3o de Nossos Clientes\"}]},{\"@type\":\"WebSite\",\"@id\":\"https:\/\/inovarrecursodemulta.com.br\/recursodemulta\/#website\",\"url\":\"https:\/\/inovarrecursodemulta.com.br\/recursodemulta\/\",\"name\":\"Recurso Lei Seca e Recurso de Multas RJ\",\"description\":\"Recurso Lei Seca e Recurso de Multas de Tr\u00e2nsito, Recurso CNH Suspensa no RJ\",\"potentialAction\":[{\"@type\":\"SearchAction\",\"target\":{\"@type\":\"EntryPoint\",\"urlTemplate\":\"https:\/\/inovarrecursodemulta.com.br\/recursodemulta\/?s={search_term_string}\"},\"query-input\":{\"@type\":\"PropertyValueSpecification\",\"valueRequired\":true,\"valueName\":\"search_term_string\"}}],\"inLanguage\":\"pt-BR\"}]}<\/script>\n<!-- \/ Yoast SEO plugin. -->","yoast_head_json":{"title":"Opini\u00e3o de Nossos Clientes - Recurso Lei Seca e Recurso de Multas RJ Recurso Lei Seca e Recurso de Multa RJ","description":"Elaboramos recursos de multas e recurso de Lei Seca, t\u00e9cnicos experientes em processos administrativos junto ao Detran RJ e demais org\u00e3os de tr\u00e2nsito","robots":{"index":"index","follow":"follow","max-snippet":"max-snippet:-1","max-image-preview":"max-image-preview:large","max-video-preview":"max-video-preview:-1"},"canonical":"https:\/\/inovarrecursodemulta.com.br\/recursodemulta\/opiniao-de-nossos-clientes\/","og_locale":"pt_BR","og_type":"article","og_title":"Opini\u00e3o de Nossos Clientes - Recurso Lei Seca e Recurso de Multas RJ Recurso Lei Seca e Recurso de Multa RJ","og_description":"Elaboramos recursos de multas e recurso de Lei Seca, t\u00e9cnicos experientes em processos administrativos junto ao Detran RJ e demais org\u00e3os de tr\u00e2nsito","og_url":"https:\/\/inovarrecursodemulta.com.br\/recursodemulta\/opiniao-de-nossos-clientes\/","og_site_name":"Recurso Lei Seca e Recurso de Multas RJ","article_publisher":"https:\/\/www.facebook.com\/inovarecursodemulta\/","article_modified_time":"2021-11-11T15:03:06+00:00","twitter_card":"summary_large_image","twitter_misc":{"Est. tempo de leitura":"1 minuto"},"schema":{"@context":"https:\/\/schema.org","@graph":[{"@type":"WebPage","@id":"https:\/\/inovarrecursodemulta.com.br\/recursodemulta\/opiniao-de-nossos-clientes\/","url":"https:\/\/inovarrecursodemulta.com.br\/recursodemulta\/opiniao-de-nossos-clientes\/","name":"Opini\u00e3o de Nossos Clientes - Recurso Lei Seca e Recurso de Multas RJ Recurso Lei Seca e Recurso de Multa RJ","isPartOf":{"@id":"https:\/\/inovarrecursodemulta.com.br\/recursodemulta\/#website"},"datePublished":"2021-11-11T15:01:37+00:00","dateModified":"2021-11-11T15:03:06+00:00","description":"Elaboramos recursos de multas e recurso de Lei Seca, t\u00e9cnicos experientes em processos administrativos junto ao Detran RJ e demais org\u00e3os de tr\u00e2nsito","breadcrumb":{"@id":"https:\/\/inovarrecursodemulta.com.br\/recursodemulta\/opiniao-de-nossos-clientes\/#breadcrumb"},"inLanguage":"pt-BR","potentialAction":[{"@type":"ReadAction","target":["https:\/\/inovarrecursodemulta.com.br\/recursodemulta\/opiniao-de-nossos-clientes\/"]}]},{"@type":"BreadcrumbList","@id":"https:\/\/inovarrecursodemulta.com.br\/recursodemulta\/opiniao-de-nossos-clientes\/#breadcrumb","itemListElement":[{"@type":"ListItem","position":1,"name":"In\u00edcio","item":"https:\/\/inovarrecursodemulta.com.br\/recursodemulta\/"},{"@type":"ListItem","position":2,"name":"Opini\u00e3o de Nossos Clientes"}]},{"@type":"WebSite","@id":"https:\/\/inovarrecursodemulta.com.br\/recursodemulta\/#website","url":"https:\/\/inovarrecursodemulta.com.br\/recursodemulta\/","name":"Recurso Lei Seca e Recurso de Multas RJ","description":"Recurso Lei Seca e Recurso de Multas de Tr\u00e2nsito, Recurso CNH Suspensa no RJ","potentialAction":[{"@type":"SearchAction","target":{"@type":"EntryPoint","urlTemplate":"https:\/\/inovarrecursodemulta.com.br\/recursodemulta\/?s={search_term_string}"},"query-input":{"@type":"PropertyValueSpecification","valueRequired":true,"valueName":"search_term_string"}}],"inLanguage":"pt-BR"}]}},"_links":{"self":[{"href":"https:\/\/inovarrecursodemulta.com.br\/recursodemulta\/wp-json\/wp\/v2\/pages\/1747","targetHints":{"allow":["GET"]}}],"collection":[{"href":"https:\/\/inovarrecursodemulta.com.br\/recursodemulta\/wp-json\/wp\/v2\/pages"}],"about":[{"href":"https:\/\/inovarrecursodemulta.com.br\/recursodemulta\/wp-json\/wp\/v2\/types\/page"}],"author":[{"embeddable":true,"href":"https:\/\/inovarrecursodemulta.com.br\/recursodemulta\/wp-json\/wp\/v2\/users\/1"}],"replies":[{"embeddable":true,"href":"https:\/\/inovarrecursodemulta.com.br\/recursodemulta\/wp-json\/wp\/v2\/comments?post=1747"}],"version-history":[{"count":3,"href":"https:\/\/inovarrecursodemulta.com.br\/recursodemulta\/wp-json\/wp\/v2\/pages\/1747\/revisions"}],"predecessor-version":[{"id":1751,"href":"https:\/\/inovarrecursodemulta.com.br\/recursodemulta\/wp-json\/wp\/v2\/pages\/1747\/revisions\/1751"}],"wp:attachment":[{"href":"https:\/\/inovarrecursodemulta.com.br\/recursodemulta\/wp-json\/wp\/v2\/media?parent=1747"}],"curies":[{"name":"wp","href":"https:\/\/api.w.org\/{rel}","templated":true}]}}