{"id":112,"date":"2018-10-23T15:11:13","date_gmt":"2018-10-23T18:11:13","guid":{"rendered":"https:\/\/inovarrecursodemulta.com.br\/recursodemulta\/?page_id=112"},"modified":"2023-11-23T10:27:18","modified_gmt":"2023-11-23T13:27:18","slug":"recurso-de-multa-no-rj","status":"publish","type":"page","link":"https:\/\/inovarrecursodemulta.com.br\/recursodemulta\/","title":{"rendered":"Recorrer Lei Seca RJ"},"content":{"rendered":"<p>Precisa recorrer multa lei seca RJ? Precisa recorrer de processo de suspens\u00e3o do Direito de dirigir?<br \/>\nSe voc\u00ea foi autuado no tr\u00e2nsito, ou teve a sua CNH suspensa por excesso de pontos ou multa mandat\u00f3ria, recorra com a Inovar!!<\/p>\n<div class=\" vc_custom_1529079326408\">\n<div id=\"text-block-13\" class=\"mk-text-block \">\n<div class=\"clearboth\"><\/div>\n<\/div>\n<\/div>\n","protected":false},"excerpt":{"rendered":"<p>Precisa recorrer multa lei seca RJ? Precisa recorrer de processo de suspens\u00e3o do Direito de dirigir? Se voc\u00ea foi autuado no tr\u00e2nsito, ou teve a sua CNH suspensa por excesso de pontos ou multa mandat\u00f3ria, recorra com a Inovar!!<\/p>\n","protected":false},"author":1,"featured_media":108,"parent":0,"menu_order":0,"comment_status":"closed","ping_status":"closed","template":"","meta":{"footnotes":"","_links_to":"","_links_to_target":""},"class_list":["post-112","page","type-page","status-publish","has-post-thumbnail","hentry"],"yoast_head":"<!-- This site is optimized with the Yoast SEO plugin v26.7 - https:\/\/yoast.com\/wordpress\/plugins\/seo\/ -->\n<title>Recorrer Lei Seca RJ - Recurso Lei Seca e Recurso de Multas RJ Recurso Lei Seca e Recurso de Multa RJ<\/title>\n<meta name=\"description\" content=\"Elaboramos recursos de multas e recurso de Lei Seca, t\u00e9cnicos experientes em processos administrativos junto ao Detran RJ e demais org\u00e3os de tr\u00e2nsito\" \/>\n<meta name=\"robots\" content=\"index, follow, max-snippet:-1, max-image-preview:large, max-video-preview:-1\" \/>\n<link rel=\"canonical\" href=\"https:\/\/inovarrecursodemulta.com.br\/recursodemulta\/\" \/>\n<meta property=\"og:locale\" content=\"pt_BR\" \/>\n<meta property=\"og:type\" content=\"article\" \/>\n<meta property=\"og:title\" content=\"Recorrer Lei Seca RJ - Recurso Lei Seca e Recurso de Multas RJ Recurso Lei Seca e Recurso de Multa RJ\" \/>\n<meta property=\"og:description\" content=\"Elaboramos recursos de multas e recurso de Lei Seca, t\u00e9cnicos experientes em processos administrativos junto ao Detran RJ e demais org\u00e3os de tr\u00e2nsito\" \/>\n<meta property=\"og:url\" content=\"https:\/\/inovarrecursodemulta.com.br\/recursodemulta\/\" \/>\n<meta property=\"og:site_name\" content=\"Recurso Lei Seca e Recurso de Multas RJ\" \/>\n<meta property=\"article:publisher\" content=\"https:\/\/www.facebook.com\/inovarecursodemulta\/\" \/>\n<meta property=\"article:modified_time\" content=\"2023-11-23T13:27:18+00:00\" \/>\n<meta property=\"og:image\" content=\"https:\/\/inovarrecursodemulta.com.br\/recursodemulta\/wp-content\/uploads\/2018\/10\/slide30.jpg\" \/>\n\t<meta property=\"og:image:width\" content=\"1920\" \/>\n\t<meta property=\"og:image:height\" content=\"850\" \/>\n\t<meta property=\"og:image:type\" content=\"image\/jpeg\" \/>\n<meta name=\"twitter:card\" content=\"summary_large_image\" \/>\n<meta name=\"twitter:label1\" content=\"Est. tempo de leitura\" \/>\n\t<meta name=\"twitter:data1\" content=\"1 minuto\" \/>\n<script type=\"application\/ld+json\" class=\"yoast-schema-graph\">{\"@context\":\"https:\/\/schema.org\",\"@graph\":[{\"@type\":\"WebPage\",\"@id\":\"https:\/\/inovarrecursodemulta.com.br\/recursodemulta\/\",\"url\":\"https:\/\/inovarrecursodemulta.com.br\/recursodemulta\/\",\"name\":\"Recorrer Lei Seca RJ - Recurso Lei Seca e Recurso de Multas RJ Recurso Lei Seca e Recurso de Multa RJ\",\"isPartOf\":{\"@id\":\"https:\/\/inovarrecursodemulta.com.br\/recursodemulta\/#website\"},\"primaryImageOfPage\":{\"@id\":\"https:\/\/inovarrecursodemulta.com.br\/recursodemulta\/#primaryimage\"},\"image\":{\"@id\":\"https:\/\/inovarrecursodemulta.com.br\/recursodemulta\/#primaryimage\"},\"thumbnailUrl\":\"https:\/\/inovarrecursodemulta.com.br\/recursodemulta\/wp-content\/uploads\/2018\/10\/slide30.jpg\",\"datePublished\":\"2018-10-23T18:11:13+00:00\",\"dateModified\":\"2023-11-23T13:27:18+00:00\",\"description\":\"Elaboramos recursos de multas e recurso de Lei Seca, t\u00e9cnicos experientes em processos administrativos junto ao Detran RJ e demais org\u00e3os de tr\u00e2nsito\",\"breadcrumb\":{\"@id\":\"https:\/\/inovarrecursodemulta.com.br\/recursodemulta\/#breadcrumb\"},\"inLanguage\":\"pt-BR\",\"potentialAction\":[{\"@type\":\"ReadAction\",\"target\":[\"https:\/\/inovarrecursodemulta.com.br\/recursodemulta\/\"]}]},{\"@type\":\"ImageObject\",\"inLanguage\":\"pt-BR\",\"@id\":\"https:\/\/inovarrecursodemulta.com.br\/recursodemulta\/#primaryimage\",\"url\":\"https:\/\/inovarrecursodemulta.com.br\/recursodemulta\/wp-content\/uploads\/2018\/10\/slide30.jpg\",\"contentUrl\":\"https:\/\/inovarrecursodemulta.com.br\/recursodemulta\/wp-content\/uploads\/2018\/10\/slide30.jpg\",\"width\":1920,\"height\":850,\"caption\":\"INOVAR Recurso de Multas e Recurso de Lei Seca no RJ\"},{\"@type\":\"BreadcrumbList\",\"@id\":\"https:\/\/inovarrecursodemulta.com.br\/recursodemulta\/#breadcrumb\",\"itemListElement\":[{\"@type\":\"ListItem\",\"position\":1,\"name\":\"In\u00edcio\",\"item\":\"https:\/\/inovarrecursodemulta.com.br\/recursodemulta\/\"},{\"@type\":\"ListItem\",\"position\":2,\"name\":\"Recorrer Lei Seca RJ\"}]},{\"@type\":\"WebSite\",\"@id\":\"https:\/\/inovarrecursodemulta.com.br\/recursodemulta\/#website\",\"url\":\"https:\/\/inovarrecursodemulta.com.br\/recursodemulta\/\",\"name\":\"Recurso Lei Seca e Recurso de Multas RJ\",\"description\":\"Recurso Lei Seca e Recurso de Multas de Tr\u00e2nsito, Recurso CNH Suspensa no RJ\",\"potentialAction\":[{\"@type\":\"SearchAction\",\"target\":{\"@type\":\"EntryPoint\",\"urlTemplate\":\"https:\/\/inovarrecursodemulta.com.br\/recursodemulta\/?s={search_term_string}\"},\"query-input\":{\"@type\":\"PropertyValueSpecification\",\"valueRequired\":true,\"valueName\":\"search_term_string\"}}],\"inLanguage\":\"pt-BR\"}]}<\/script>\n<!-- \/ Yoast SEO plugin. -->","yoast_head_json":{"title":"Recorrer Lei Seca RJ - Recurso Lei Seca e Recurso de Multas RJ Recurso Lei Seca e Recurso de Multa RJ","description":"Elaboramos recursos de multas e recurso de Lei Seca, t\u00e9cnicos experientes em processos administrativos junto ao Detran RJ e demais org\u00e3os de tr\u00e2nsito","robots":{"index":"index","follow":"follow","max-snippet":"max-snippet:-1","max-image-preview":"max-image-preview:large","max-video-preview":"max-video-preview:-1"},"canonical":"https:\/\/inovarrecursodemulta.com.br\/recursodemulta\/","og_locale":"pt_BR","og_type":"article","og_title":"Recorrer Lei Seca RJ - Recurso Lei Seca e Recurso de Multas RJ Recurso Lei Seca e Recurso de Multa RJ","og_description":"Elaboramos recursos de multas e recurso de Lei Seca, t\u00e9cnicos experientes em processos administrativos junto ao Detran RJ e demais org\u00e3os de tr\u00e2nsito","og_url":"https:\/\/inovarrecursodemulta.com.br\/recursodemulta\/","og_site_name":"Recurso Lei Seca e Recurso de Multas RJ","article_publisher":"https:\/\/www.facebook.com\/inovarecursodemulta\/","article_modified_time":"2023-11-23T13:27:18+00:00","og_image":[{"width":1920,"height":850,"url":"https:\/\/inovarrecursodemulta.com.br\/recursodemulta\/wp-content\/uploads\/2018\/10\/slide30.jpg","type":"image\/jpeg"}],"twitter_card":"summary_large_image","twitter_misc":{"Est. tempo de leitura":"1 minuto"},"schema":{"@context":"https:\/\/schema.org","@graph":[{"@type":"WebPage","@id":"https:\/\/inovarrecursodemulta.com.br\/recursodemulta\/","url":"https:\/\/inovarrecursodemulta.com.br\/recursodemulta\/","name":"Recorrer Lei Seca RJ - Recurso Lei Seca e Recurso de Multas RJ Recurso Lei Seca e Recurso de Multa RJ","isPartOf":{"@id":"https:\/\/inovarrecursodemulta.com.br\/recursodemulta\/#website"},"primaryImageOfPage":{"@id":"https:\/\/inovarrecursodemulta.com.br\/recursodemulta\/#primaryimage"},"image":{"@id":"https:\/\/inovarrecursodemulta.com.br\/recursodemulta\/#primaryimage"},"thumbnailUrl":"https:\/\/inovarrecursodemulta.com.br\/recursodemulta\/wp-content\/uploads\/2018\/10\/slide30.jpg","datePublished":"2018-10-23T18:11:13+00:00","dateModified":"2023-11-23T13:27:18+00:00","description":"Elaboramos recursos de multas e recurso de Lei Seca, t\u00e9cnicos experientes em processos administrativos junto ao Detran RJ e demais org\u00e3os de tr\u00e2nsito","breadcrumb":{"@id":"https:\/\/inovarrecursodemulta.com.br\/recursodemulta\/#breadcrumb"},"inLanguage":"pt-BR","potentialAction":[{"@type":"ReadAction","target":["https:\/\/inovarrecursodemulta.com.br\/recursodemulta\/"]}]},{"@type":"ImageObject","inLanguage":"pt-BR","@id":"https:\/\/inovarrecursodemulta.com.br\/recursodemulta\/#primaryimage","url":"https:\/\/inovarrecursodemulta.com.br\/recursodemulta\/wp-content\/uploads\/2018\/10\/slide30.jpg","contentUrl":"https:\/\/inovarrecursodemulta.com.br\/recursodemulta\/wp-content\/uploads\/2018\/10\/slide30.jpg","width":1920,"height":850,"caption":"INOVAR Recurso de Multas e Recurso de Lei Seca no RJ"},{"@type":"BreadcrumbList","@id":"https:\/\/inovarrecursodemulta.com.br\/recursodemulta\/#breadcrumb","itemListElement":[{"@type":"ListItem","position":1,"name":"In\u00edcio","item":"https:\/\/inovarrecursodemulta.com.br\/recursodemulta\/"},{"@type":"ListItem","position":2,"name":"Recorrer Lei Seca RJ"}]},{"@type":"WebSite","@id":"https:\/\/inovarrecursodemulta.com.br\/recursodemulta\/#website","url":"https:\/\/inovarrecursodemulta.com.br\/recursodemulta\/","name":"Recurso Lei Seca e Recurso de Multas RJ","description":"Recurso Lei Seca e Recurso de Multas de Tr\u00e2nsito, Recurso CNH Suspensa no RJ","potentialAction":[{"@type":"SearchAction","target":{"@type":"EntryPoint","urlTemplate":"https:\/\/inovarrecursodemulta.com.br\/recursodemulta\/?s={search_term_string}"},"query-input":{"@type":"PropertyValueSpecification","valueRequired":true,"valueName":"search_term_string"}}],"inLanguage":"pt-BR"}]}},"_links":{"self":[{"href":"https:\/\/inovarrecursodemulta.com.br\/recursodemulta\/wp-json\/wp\/v2\/pages\/112","targetHints":{"allow":["GET"]}}],"collection":[{"href":"https:\/\/inovarrecursodemulta.com.br\/recursodemulta\/wp-json\/wp\/v2\/pages"}],"about":[{"href":"https:\/\/inovarrecursodemulta.com.br\/recursodemulta\/wp-json\/wp\/v2\/types\/page"}],"author":[{"embeddable":true,"href":"https:\/\/inovarrecursodemulta.com.br\/recursodemulta\/wp-json\/wp\/v2\/users\/1"}],"replies":[{"embeddable":true,"href":"https:\/\/inovarrecursodemulta.com.br\/recursodemulta\/wp-json\/wp\/v2\/comments?post=112"}],"version-history":[{"count":5,"href":"https:\/\/inovarrecursodemulta.com.br\/recursodemulta\/wp-json\/wp\/v2\/pages\/112\/revisions"}],"predecessor-version":[{"id":2395,"href":"https:\/\/inovarrecursodemulta.com.br\/recursodemulta\/wp-json\/wp\/v2\/pages\/112\/revisions\/2395"}],"wp:featuredmedia":[{"embeddable":true,"href":"https:\/\/inovarrecursodemulta.com.br\/recursodemulta\/wp-json\/wp\/v2\/media\/108"}],"wp:attachment":[{"href":"https:\/\/inovarrecursodemulta.com.br\/recursodemulta\/wp-json\/wp\/v2\/media?parent=112"}],"curies":[{"name":"wp","href":"https:\/\/api.w.org\/{rel}","templated":true}]}}